{"id":8,"date":"2025-07-18T16:37:56","date_gmt":"2025-07-18T16:37:56","guid":{"rendered":"https:\/\/poy.jhy.mybluehost.me\/about-us\/"},"modified":"2025-07-18T16:37:56","modified_gmt":"2025-07-18T16:37:56","slug":"about-us","status":"publish","type":"page","link":"https:\/\/elektroam.store\/en\/about-us\/","title":{"rendered":"About Us"},"content":{"rendered":"<div class=\"wp-block-group nfd-container nfd-p-lg is-style-nfd-theme-white nfd-wb-team__team-3 is-layout-constrained wp-block-group-is-layout-constrained\" ><div class=\"nfd-gap-y-2xl wp-block-columns are-vertically-aligned-top is-layout-flex wp-container-core-columns-is-layout-12beab2d wp-block-columns-is-layout-flex\"><div class=\"wp-block-column is-vertically-aligned-top is-layout-flow wp-container-core-column-is-layout-22223934 wp-block-column-is-layout-flow\"><figure class=\"nfd-rounded-full wp-block-image aligncenter size-large is-resized has-custom-border\"><img decoding=\"async\" src=\"https:\/\/images.unsplash.com\/photo-1712085212000-10c7a40b7b16?w=200&#038;fit=crop&#038;w=200&#038;h=200&#038;crop=faces\" alt=\"Photo 1712085212000 10c7a40b7b16?w=200&#038;fit=crop&#038;w=200&#038;h=200&#038;crop=faces\" class=\"has-border-color\" style=\"border-color: #0000001a; border-width: 1px; aspect-ratio: 1; object-fit: cover; width: 96px\" title=\"About Us\"><\/figure><div class=\"nfd-gap-0 wp-block-group is-vertical is-content-justification-stretch is-layout-flex wp-container-core-group-is-layout-353c4f5a wp-block-group-is-layout-flex\"><p class=\"nfd-text-md has-text-align-center\"><strong>Brandon Su<\/strong><\/p><p class=\"nfd-text-base nfd-text-faded has-text-align-center\">CTO &#038; Co-founder<\/p><\/div><\/div><div class=\"wp-block-column is-vertically-aligned-top is-layout-flow wp-container-core-column-is-layout-22223934 wp-block-column-is-layout-flow\"><figure class=\"nfd-rounded-full wp-block-image aligncenter size-large is-resized has-custom-border\"><img decoding=\"async\" src=\"https:\/\/images.unsplash.com\/photo-1610631066894-62452ccb927c?w=200&#038;fit=crop&#038;w=200&#038;h=200&#038;crop=faces\" alt=\"Photo 1610631066894 62452ccb927c?w=200&#038;fit=crop&#038;w=200&#038;h=200&#038;crop=faces\" class=\"has-border-color\" style=\"border-color: #0000001a; border-width: 1px; aspect-ratio: 1; object-fit: cover; width: 96px\" title=\"About Us\"><\/figure><div class=\"nfd-gap-0 wp-block-group is-vertical is-content-justification-stretch is-layout-flex wp-container-core-group-is-layout-353c4f5a wp-block-group-is-layout-flex\"><p class=\"nfd-text-md has-text-align-center\"><strong>Sienna Thompson<\/strong><\/p><p class=\"nfd-text-base nfd-text-faded has-text-align-center\">Program Achievements Lead<\/p><\/div><\/div><div class=\"wp-block-column is-vertically-aligned-top is-layout-flow wp-container-core-column-is-layout-22223934 wp-block-column-is-layout-flow\"><figure class=\"nfd-rounded-full wp-block-image aligncenter size-large is-resized has-custom-border\"><img decoding=\"async\" src=\"https:\/\/images.unsplash.com\/photo-1619292812641-cdcce6cdf9b4?w=200&#038;fit=crop&#038;w=200&#038;h=200&#038;crop=faces\" alt=\"Photo 1619292812641 Cdcce6cdf9b4?w=200&#038;fit=crop&#038;w=200&#038;h=200&#038;crop=faces\" class=\"has-border-color\" style=\"border-color: #0000001a; border-width: 1px; aspect-ratio: 1; object-fit: cover; width: 96px\" title=\"About Us\"><\/figure><div class=\"nfd-gap-0 wp-block-group is-vertical is-content-justification-stretch is-layout-flex wp-container-core-group-is-layout-353c4f5a wp-block-group-is-layout-flex\"><p class=\"nfd-text-md has-text-align-center\"><strong>Juan Torres<\/strong><\/p><p class=\"nfd-text-base nfd-text-faded has-text-align-center\">Production Manager<\/p><\/div><\/div><div class=\"wp-block-column is-vertically-aligned-top is-layout-flow wp-container-core-column-is-layout-22223934 wp-block-column-is-layout-flow\"><figure class=\"nfd-rounded-full wp-block-image aligncenter size-large is-resized has-custom-border\"><img decoding=\"async\" src=\"https:\/\/images.unsplash.com\/photo-1616384038777-1a3a31503f25?w=200&#038;fit=crop&#038;w=200&#038;h=200&#038;crop=faces\" alt=\"Photo 1616384038777 1a3a31503f25?w=200&#038;fit=crop&#038;w=200&#038;h=200&#038;crop=faces\" class=\"has-border-color\" style=\"border-color: #0000001a; border-width: 1px; aspect-ratio: 1; object-fit: cover; width: 96px\" title=\"About Us\"><\/figure><div class=\"nfd-gap-0 wp-block-group is-vertical is-content-justification-stretch is-layout-flex wp-container-core-group-is-layout-353c4f5a wp-block-group-is-layout-flex\"><p class=\"nfd-text-md has-text-align-center\"><strong>Rachel Kaplan<\/strong><\/p><p class=\"nfd-text-base nfd-text-faded has-text-align-center\">Entertainment Coordinator<\/p><\/div><\/div><\/div><\/div><div class=\"wp-block-group nfd-container nfd-p-md is-style-nfd-theme-light nfd-wb-features__features-38 is-layout-constrained wp-container-core-group-is-layout-92ef7b19 wp-block-group-is-layout-constrained\" ><div class=\"wp-block-group is-vertical is-content-justification-stretch is-layout-flex wp-container-core-group-is-layout-353c4f5a wp-block-group-is-layout-flex\"><div class=\"nfd-text-base nfd-gap-md nfd-px-sm nfd-rounded nfd-shadow-xs wp-block-group nfd-bg-surface nfd-theme-white is-nowrap is-layout-flex wp-container-core-group-is-layout-cd9ab148 wp-block-group-is-layout-flex\"><div class=\"nfd-shadow-xs nfd-rounded-full nfd-bg-subtle nfd-p-2 nfd-shrink-0 wp-block-group wp-container-content-2cb1e7d4 is-vertical is-content-justification-center is-layout-flex wp-container-core-group-is-layout-b6c1f246 wp-block-group-is-layout-flex\" style=\"min-height:32px\"><p class=\"nfd-text-contrast\" style=\"font-style:normal;font-weight:500;line-height:1;text-transform:uppercase\">1<\/p><\/div><div class=\"nfd-gap-sm wp-block-group wp-container-content-9cfa9a5a is-content-justification-space-between is-layout-flex wp-container-core-group-is-layout-9366075c wp-block-group-is-layout-flex\"><p class=\"\">Our Expertise<\/p><p class=\"nfd-text-faded\">1 minute<\/p><\/div><\/div><\/div><\/div><div class=\"wp-block-group nfd-container nfd-wb-text__text-28 is-layout-constrained wp-block-group-is-layout-constrained\" ><div class=\"nfd-max-w-prose wp-block-group is-layout-constrained wp-block-group-is-layout-constrained\"><h2 class=\"nfd-text-lg nfd-text-contrast wp-block-heading\">Our Commitment to Quality and Service<\/h2><div style=\"height:8px\" aria-hidden=\"true\" class=\"wp-block-spacer\"><\/div><div class=\"nfd-gap-2xl nfd-text-md wp-block-group is-vertical is-content-justification-stretch is-layout-flex wp-container-core-group-is-layout-353c4f5a wp-block-group-is-layout-flex\"><div class=\"nfd-gap-lg nfd-px-sm wp-block-group nfd-bg-surface nfd-theme-white is-nowrap is-layout-flex wp-container-core-group-is-layout-f66f9956 wp-block-group-is-layout-flex\"><div class=\"nfd-rounded-full nfd-p-2 nfd-shrink-0 wp-block-group nfd-bg-surface nfd-theme-dark wp-container-content-2cb1e7d4 is-vertical is-content-justification-center is-layout-flex wp-container-core-group-is-layout-b6c1f246 wp-block-group-is-layout-flex\" style=\"min-height:32px\"><p class=\"nfd-text-contrast\" style=\"font-style:normal;font-weight:500;line-height:0;text-transform:uppercase\">1<\/p><\/div><div class=\"nfd-gap-sm wp-block-group wp-container-content-9cfa9a5a is-content-justification-space-between is-layout-flex wp-container-core-group-is-layout-9366075c wp-block-group-is-layout-flex\"><p class=\"\">At ElektroAM, we prioritize customer satisfaction by providing high-quality electrical products and professional solutions tailored to both residential and business needs.<\/p><\/div><\/div><div class=\"nfd-gap-lg nfd-px-sm wp-block-group nfd-bg-surface nfd-theme-white is-nowrap is-layout-flex wp-container-core-group-is-layout-f66f9956 wp-block-group-is-layout-flex\"><div class=\"nfd-rounded-full nfd-p-2 nfd-shrink-0 wp-block-group nfd-bg-surface nfd-theme-dark wp-container-content-2cb1e7d4 is-vertical is-content-justification-center is-layout-flex wp-container-core-group-is-layout-b6c1f246 wp-block-group-is-layout-flex\" style=\"min-height:32px\"><p class=\"nfd-text-contrast\" style=\"font-style:normal;font-weight:500;line-height:0;text-transform:uppercase\">2<\/p><\/div><div class=\"nfd-gap-sm wp-block-group wp-container-content-9cfa9a5a is-content-justification-space-between is-layout-flex wp-container-core-group-is-layout-9366075c wp-block-group-is-layout-flex\"><p class=\"\">Our team of experts is dedicated to offering personalized assistance, ensuring that every client receives the right products and services for their specific requirements.<\/p><\/div><\/div><div class=\"nfd-gap-lg nfd-px-sm wp-block-group nfd-bg-surface nfd-theme-white is-nowrap is-layout-flex wp-container-core-group-is-layout-f66f9956 wp-block-group-is-layout-flex\"><div class=\"nfd-rounded-full nfd-p-2 nfd-shrink-0 wp-block-group nfd-bg-surface nfd-theme-dark wp-container-content-2cb1e7d4 is-vertical is-content-justification-center is-layout-flex wp-container-core-group-is-layout-b6c1f246 wp-block-group-is-layout-flex\" style=\"min-height:32px\"><p class=\"nfd-text-contrast\" style=\"font-style:normal;font-weight:500;line-height:0;text-transform:uppercase\">3<\/p><\/div><div class=\"nfd-gap-sm wp-block-group wp-container-content-9cfa9a5a is-content-justification-space-between is-layout-flex wp-container-core-group-is-layout-9366075c wp-block-group-is-layout-flex\"><p class=\"\">We maintain strong partnerships with leading brands like Schneider Electric, allowing us to deliver innovative and reliable solutions to our customers.<\/p><\/div><\/div><div class=\"nfd-gap-lg nfd-px-sm wp-block-group nfd-bg-surface nfd-theme-white is-nowrap is-layout-flex wp-container-core-group-is-layout-f66f9956 wp-block-group-is-layout-flex\"><div class=\"nfd-rounded-full nfd-p-2 nfd-shrink-0 wp-block-group nfd-bg-surface nfd-theme-dark wp-container-content-2cb1e7d4 is-vertical is-content-justification-center is-layout-flex wp-container-core-group-is-layout-b6c1f246 wp-block-group-is-layout-flex\" style=\"min-height:32px\"><p class=\"nfd-text-contrast\" style=\"font-style:normal;font-weight:500;line-height:0;text-transform:uppercase\">4<\/p><\/div><div class=\"nfd-gap-sm wp-block-group wp-container-content-9cfa9a5a is-content-justification-space-between is-layout-flex wp-container-core-group-is-layout-9366075c wp-block-group-is-layout-flex\"><p class=\"\">Our online store is designed for convenience, enabling customers to shop easily and securely from the comfort of their homes, with various payment options available.<\/p><\/div><\/div><div class=\"nfd-gap-lg nfd-px-sm wp-block-group nfd-bg-surface nfd-theme-white is-nowrap is-layout-flex wp-container-core-group-is-layout-f66f9956 wp-block-group-is-layout-flex\"><div class=\"nfd-rounded-full nfd-p-2 nfd-shrink-0 wp-block-group nfd-bg-surface nfd-theme-dark wp-container-content-2cb1e7d4 is-vertical is-content-justification-center is-layout-flex wp-container-core-group-is-layout-b6c1f246 wp-block-group-is-layout-flex\" style=\"min-height:32px\"><p class=\"nfd-text-contrast\" style=\"font-style:normal;font-weight:500;line-height:0;text-transform:uppercase\">5<\/p><\/div><div class=\"nfd-gap-sm wp-block-group wp-container-content-9cfa9a5a is-content-justification-space-between is-layout-flex wp-container-core-group-is-layout-9366075c wp-block-group-is-layout-flex\"><p class=\"\">We are committed to sustainability and energy efficiency, providing products that not only meet industry standards but also contribute to a greener future.<\/p><\/div><\/div><\/div><\/div><\/div>","protected":false},"excerpt":{"rendered":"<p>Brandon Su CTO &#038; Co-founder Sienna Thompson Program Achievements Lead Juan Torres Production Manager Rachel Kaplan Entertainment Coordinator 1 Our [&hellip;]<\/p>\n","protected":false},"author":1,"featured_media":0,"parent":0,"menu_order":0,"comment_status":"closed","ping_status":"closed","template":"page-no-title","meta":{"om_disable_all_campaigns":false,"_monsterinsights_skip_tracking":false,"_monsterinsights_sitenote_active":false,"_monsterinsights_sitenote_note":"","_monsterinsights_sitenote_category":0,"site-sidebar-layout":"default","site-content-layout":"","ast-site-content-layout":"default","site-content-style":"default","site-sidebar-style":"default","ast-global-header-display":"","ast-banner-title-visibility":"","ast-main-header-display":"","ast-hfb-above-header-display":"","ast-hfb-below-header-display":"","ast-hfb-mobile-header-display":"","site-post-title":"","ast-breadcrumbs-content":"","ast-featured-img":"","footer-sml-layout":"","ast-disable-related-posts":"","theme-transparent-header-meta":"","adv-header-id-meta":"","stick-header-meta":"","header-above-stick-meta":"","header-main-stick-meta":"","header-below-stick-meta":"","astra-migrate-meta-layouts":"default","ast-page-background-enabled":"default","ast-page-background-meta":{"desktop":{"background-color":"var(--ast-global-color-4)","background-image":"","background-repeat":"repeat","background-position":"center center","background-size":"auto","background-attachment":"scroll","background-type":"","background-media":"","overlay-type":"","overlay-color":"","overlay-opacity":"","overlay-gradient":""},"tablet":{"background-color":"","background-image":"","background-repeat":"repeat","background-position":"center center","background-size":"auto","background-attachment":"scroll","background-type":"","background-media":"","overlay-type":"","overlay-color":"","overlay-opacity":"","overlay-gradient":""},"mobile":{"background-color":"","background-image":"","background-repeat":"repeat","background-position":"center center","background-size":"auto","background-attachment":"scroll","background-type":"","background-media":"","overlay-type":"","overlay-color":"","overlay-opacity":"","overlay-gradient":""}},"ast-content-background-meta":{"desktop":{"background-color":"var(--ast-global-color-5)","background-image":"","background-repeat":"repeat","background-position":"center center","background-size":"auto","background-attachment":"scroll","background-type":"","background-media":"","overlay-type":"","overlay-color":"","overlay-opacity":"","overlay-gradient":""},"tablet":{"background-color":"var(--ast-global-color-5)","background-image":"","background-repeat":"repeat","background-position":"center center","background-size":"auto","background-attachment":"scroll","background-type":"","background-media":"","overlay-type":"","overlay-color":"","overlay-opacity":"","overlay-gradient":""},"mobile":{"background-color":"var(--ast-global-color-5)","background-image":"","background-repeat":"repeat","background-position":"center center","background-size":"auto","background-attachment":"scroll","background-type":"","background-media":"","overlay-type":"","overlay-color":"","overlay-opacity":"","overlay-gradient":""}},"footnotes":""},"class_list":["post-8","page","type-page","status-publish","hentry"],"yoast_head":"<!-- This site is optimized with the Yoast SEO Premium plugin v27.4 (Yoast SEO v27.5) - https:\/\/yoast.com\/product\/yoast-seo-premium-wordpress\/ -->\n<title>About Us - ElektroAM - Produkte Elektrike dhe Ndri\u00e7ues LED<\/title>\n<meta name=\"robots\" content=\"index, follow, max-snippet:-1, max-image-preview:large, max-video-preview:-1\" \/>\n<link rel=\"canonical\" href=\"https:\/\/poy.jhy.mybluehost.me\/about-us\/\" \/>\n<meta property=\"og:locale\" content=\"en_US\" \/>\n<meta property=\"og:type\" content=\"article\" \/>\n<meta property=\"og:title\" content=\"About Us\" \/>\n<meta property=\"og:description\" content=\"Brandon Su CTO &#038; Co-founder Sienna Thompson Program Achievements Lead Juan Torres Production Manager Rachel Kaplan Entertainment Coordinator 1 Our [&hellip;]\" \/>\n<meta property=\"og:url\" content=\"https:\/\/poy.jhy.mybluehost.me\/about-us\/\" \/>\n<meta property=\"og:site_name\" content=\"ElektroAM - Produkte Elektrike dhe Ndri\u00e7ues LED\" \/>\n<meta property=\"article:publisher\" content=\"https:\/\/www.facebook.com\/Elektroam\" \/>\n<meta property=\"og:image\" content=\"https:\/\/images.unsplash.com\/photo-1712085212000-10c7a40b7b16?w=200&fit=crop&w=200&h=200&crop=faces\" \/>\n<meta name=\"twitter:card\" content=\"summary_large_image\" \/>\n<meta name=\"twitter:label1\" content=\"Est. reading time\" \/>\n\t<meta name=\"twitter:data1\" content=\"1 minute\" \/>\n<script type=\"application\/ld+json\" class=\"yoast-schema-graph\">{\"@context\":\"https:\\\/\\\/schema.org\",\"@graph\":[{\"@type\":\"WebPage\",\"@id\":\"https:\\\/\\\/poy.jhy.mybluehost.me\\\/about-us\\\/\",\"url\":\"https:\\\/\\\/poy.jhy.mybluehost.me\\\/about-us\\\/\",\"name\":\"About Us - ElektroAM - Produkte Elektrike dhe Ndri\u00e7ues LED\",\"isPartOf\":{\"@id\":\"https:\\\/\\\/poy.jhy.mybluehost.me\\\/#website\"},\"primaryImageOfPage\":{\"@id\":\"https:\\\/\\\/poy.jhy.mybluehost.me\\\/about-us\\\/#primaryimage\"},\"image\":{\"@id\":\"https:\\\/\\\/poy.jhy.mybluehost.me\\\/about-us\\\/#primaryimage\"},\"thumbnailUrl\":\"https:\\\/\\\/images.unsplash.com\\\/photo-1712085212000-10c7a40b7b16?w=200&fit=crop&w=200&h=200&crop=faces\",\"datePublished\":\"2025-07-18T16:37:56+00:00\",\"breadcrumb\":{\"@id\":\"https:\\\/\\\/poy.jhy.mybluehost.me\\\/about-us\\\/#breadcrumb\"},\"inLanguage\":\"en-US\",\"potentialAction\":[{\"@type\":\"ReadAction\",\"target\":[\"https:\\\/\\\/poy.jhy.mybluehost.me\\\/about-us\\\/\"]}]},{\"@type\":\"ImageObject\",\"inLanguage\":\"en-US\",\"@id\":\"https:\\\/\\\/poy.jhy.mybluehost.me\\\/about-us\\\/#primaryimage\",\"url\":\"https:\\\/\\\/images.unsplash.com\\\/photo-1712085212000-10c7a40b7b16?w=200&fit=crop&w=200&h=200&crop=faces\",\"contentUrl\":\"https:\\\/\\\/images.unsplash.com\\\/photo-1712085212000-10c7a40b7b16?w=200&fit=crop&w=200&h=200&crop=faces\"},{\"@type\":\"BreadcrumbList\",\"@id\":\"https:\\\/\\\/poy.jhy.mybluehost.me\\\/about-us\\\/#breadcrumb\",\"itemListElement\":[{\"@type\":\"ListItem\",\"position\":1,\"name\":\"Home\",\"item\":\"https:\\\/\\\/elektroam.store\\\/\"},{\"@type\":\"ListItem\",\"position\":2,\"name\":\"About Us\"}]},{\"@type\":\"WebSite\",\"@id\":\"https:\\\/\\\/poy.jhy.mybluehost.me\\\/#website\",\"url\":\"https:\\\/\\\/poy.jhy.mybluehost.me\\\/\",\"name\":\"ElektroAM - Produkte Elektrike dhe Ndri\u00e7ues LED\",\"description\":\"ElektroAM ofron zgjidhje profesionale p\u00ebr produkte elektrike dhe ndri\u00e7ues LED. Bli online ose vizito dyqanet tona n\u00eb Ferizaj p\u00ebr sh\u00ebrbim t\u00eb shk\u00eblqyer.\",\"publisher\":{\"@id\":\"https:\\\/\\\/poy.jhy.mybluehost.me\\\/#organization\"},\"potentialAction\":[{\"@type\":\"SearchAction\",\"target\":{\"@type\":\"EntryPoint\",\"urlTemplate\":\"https:\\\/\\\/poy.jhy.mybluehost.me\\\/?s={search_term_string}\"},\"query-input\":{\"@type\":\"PropertyValueSpecification\",\"valueRequired\":true,\"valueName\":\"search_term_string\"}}],\"inLanguage\":\"en-US\"},{\"@type\":\"Organization\",\"@id\":\"https:\\\/\\\/poy.jhy.mybluehost.me\\\/#organization\",\"name\":\"ElektroAM - Produkte Elektrike dhe Ndri\u00e7ues LED\",\"url\":\"https:\\\/\\\/poy.jhy.mybluehost.me\\\/\",\"logo\":{\"@type\":\"ImageObject\",\"inLanguage\":\"en-US\",\"@id\":\"https:\\\/\\\/poy.jhy.mybluehost.me\\\/#\\\/schema\\\/logo\\\/image\\\/\",\"url\":\"https:\\\/\\\/i0.wp.com\\\/elektroam.store\\\/wp-content\\\/uploads\\\/2025\\\/07\\\/Logo.jpg?fit=1600%2C228&ssl=1\",\"contentUrl\":\"https:\\\/\\\/i0.wp.com\\\/elektroam.store\\\/wp-content\\\/uploads\\\/2025\\\/07\\\/Logo.jpg?fit=1600%2C228&ssl=1\",\"width\":1600,\"height\":228,\"caption\":\"ElektroAM - Produkte Elektrike dhe Ndri\u00e7ues LED\"},\"image\":{\"@id\":\"https:\\\/\\\/poy.jhy.mybluehost.me\\\/#\\\/schema\\\/logo\\\/image\\\/\"},\"sameAs\":[\"https:\\\/\\\/www.facebook.com\\\/Elektroam\",\"https:\\\/\\\/www.instagram.com\\\/elektroam\\\/\"]}]}<\/script>\n<!-- \/ Yoast SEO Premium plugin. -->","yoast_head_json":{"title":"About Us - ElektroAM - Produkte Elektrike dhe Ndri\u00e7ues LED","robots":{"index":"index","follow":"follow","max-snippet":"max-snippet:-1","max-image-preview":"max-image-preview:large","max-video-preview":"max-video-preview:-1"},"canonical":"https:\/\/poy.jhy.mybluehost.me\/about-us\/","og_locale":"en_US","og_type":"article","og_title":"About Us","og_description":"Brandon Su CTO &#038; Co-founder Sienna Thompson Program Achievements Lead Juan Torres Production Manager Rachel Kaplan Entertainment Coordinator 1 Our [&hellip;]","og_url":"https:\/\/poy.jhy.mybluehost.me\/about-us\/","og_site_name":"ElektroAM - Produkte Elektrike dhe Ndri\u00e7ues LED","article_publisher":"https:\/\/www.facebook.com\/Elektroam","og_image":[{"url":"https:\/\/images.unsplash.com\/photo-1712085212000-10c7a40b7b16?w=200&fit=crop&w=200&h=200&crop=faces","type":"","width":"","height":""}],"twitter_card":"summary_large_image","twitter_misc":{"Est. reading time":"1 minute"},"schema":{"@context":"https:\/\/schema.org","@graph":[{"@type":"WebPage","@id":"https:\/\/poy.jhy.mybluehost.me\/about-us\/","url":"https:\/\/poy.jhy.mybluehost.me\/about-us\/","name":"About Us - ElektroAM - Produkte Elektrike dhe Ndri\u00e7ues LED","isPartOf":{"@id":"https:\/\/poy.jhy.mybluehost.me\/#website"},"primaryImageOfPage":{"@id":"https:\/\/poy.jhy.mybluehost.me\/about-us\/#primaryimage"},"image":{"@id":"https:\/\/poy.jhy.mybluehost.me\/about-us\/#primaryimage"},"thumbnailUrl":"https:\/\/images.unsplash.com\/photo-1712085212000-10c7a40b7b16?w=200&fit=crop&w=200&h=200&crop=faces","datePublished":"2025-07-18T16:37:56+00:00","breadcrumb":{"@id":"https:\/\/poy.jhy.mybluehost.me\/about-us\/#breadcrumb"},"inLanguage":"en-US","potentialAction":[{"@type":"ReadAction","target":["https:\/\/poy.jhy.mybluehost.me\/about-us\/"]}]},{"@type":"ImageObject","inLanguage":"en-US","@id":"https:\/\/poy.jhy.mybluehost.me\/about-us\/#primaryimage","url":"https:\/\/images.unsplash.com\/photo-1712085212000-10c7a40b7b16?w=200&fit=crop&w=200&h=200&crop=faces","contentUrl":"https:\/\/images.unsplash.com\/photo-1712085212000-10c7a40b7b16?w=200&fit=crop&w=200&h=200&crop=faces"},{"@type":"BreadcrumbList","@id":"https:\/\/poy.jhy.mybluehost.me\/about-us\/#breadcrumb","itemListElement":[{"@type":"ListItem","position":1,"name":"Home","item":"https:\/\/elektroam.store\/"},{"@type":"ListItem","position":2,"name":"About Us"}]},{"@type":"WebSite","@id":"https:\/\/poy.jhy.mybluehost.me\/#website","url":"https:\/\/poy.jhy.mybluehost.me\/","name":"ElektroAM \u2013 Electrical Products and LED Lighting","description":"ElektroAM ofron zgjidhje profesionale p\u00ebr produkte elektrike dhe ndri\u00e7ues LED. Bli online ose vizito dyqanet tona n\u00eb Ferizaj p\u00ebr sh\u00ebrbim t\u00eb shk\u00eblqyer.","publisher":{"@id":"https:\/\/poy.jhy.mybluehost.me\/#organization"},"potentialAction":[{"@type":"SearchAction","target":{"@type":"EntryPoint","urlTemplate":"https:\/\/poy.jhy.mybluehost.me\/?s={search_term_string}"},"query-input":{"@type":"PropertyValueSpecification","valueRequired":true,"valueName":"search_term_string"}}],"inLanguage":"en-US"},{"@type":"Organization","@id":"https:\/\/poy.jhy.mybluehost.me\/#organization","name":"ElektroAM \u2013 Electrical Products and LED Lighting","url":"https:\/\/poy.jhy.mybluehost.me\/","logo":{"@type":"ImageObject","inLanguage":"en-US","@id":"https:\/\/poy.jhy.mybluehost.me\/#\/schema\/logo\/image\/","url":"https:\/\/i0.wp.com\/elektroam.store\/wp-content\/uploads\/2025\/07\/Logo.jpg?fit=1600%2C228&ssl=1","contentUrl":"https:\/\/i0.wp.com\/elektroam.store\/wp-content\/uploads\/2025\/07\/Logo.jpg?fit=1600%2C228&ssl=1","width":1600,"height":228,"caption":"ElektroAM - Produkte Elektrike dhe Ndri\u00e7ues LED"},"image":{"@id":"https:\/\/poy.jhy.mybluehost.me\/#\/schema\/logo\/image\/"},"sameAs":["https:\/\/www.facebook.com\/Elektroam","https:\/\/www.instagram.com\/elektroam\/"]}]}},"jetpack_sharing_enabled":true,"_links":{"self":[{"href":"https:\/\/elektroam.store\/en\/wp-json\/wp\/v2\/pages\/8","targetHints":{"allow":["GET"]}}],"collection":[{"href":"https:\/\/elektroam.store\/en\/wp-json\/wp\/v2\/pages"}],"about":[{"href":"https:\/\/elektroam.store\/en\/wp-json\/wp\/v2\/types\/page"}],"author":[{"embeddable":true,"href":"https:\/\/elektroam.store\/en\/wp-json\/wp\/v2\/users\/1"}],"replies":[{"embeddable":true,"href":"https:\/\/elektroam.store\/en\/wp-json\/wp\/v2\/comments?post=8"}],"version-history":[{"count":0,"href":"https:\/\/elektroam.store\/en\/wp-json\/wp\/v2\/pages\/8\/revisions"}],"wp:attachment":[{"href":"https:\/\/elektroam.store\/en\/wp-json\/wp\/v2\/media?parent=8"}],"curies":[{"name":"wp","href":"https:\/\/api.w.org\/{rel}","templated":true}]}}