{"id":2464,"date":"2025-08-20T15:18:17","date_gmt":"2025-08-20T15:18:17","guid":{"rendered":"https:\/\/elektroam.store\/?post_type=product&#038;p=2464"},"modified":"2026-03-31T16:19:51","modified_gmt":"2026-03-31T16:19:51","slug":"spot-magnetik-linear-10w-30cm-per-shina-magnetike-48v","status":"publish","type":"product","link":"https:\/\/elektroam.store\/en\/product\/spot-magnetik-linear-10w-30cm-per-shina-magnetike-48v\/","title":{"rendered":"Spot magnetik linear 10W 30cm p\u00ebr shina magnetike 48V"},"content":{"rendered":"<p>Spot linear magnetik 10W me gjat\u00ebsi 30cm \u00ebsht\u00eb nj\u00eb zgjidhje moderne p\u00ebr ndri\u00e7im minimal dhe funksional. Montimi b\u00ebhet me sistem magnetik, duke mund\u00ebsuar vendosje dhe l\u00ebvizje t\u00eb leht\u00eb n\u00eb shin\u00ebn magnetike.<br \/>\nDrita punon me voltazh t\u00eb ul\u00ebt sigurie 48V dhe ofron ndri\u00e7im t\u00eb k\u00ebndsh\u00ebm e t\u00eb qart\u00eb.<br \/>\nTemperatura e ngjyr\u00ebs: 3000K (drit\u00eb e ngroht\u00eb e bardh\u00eb) ose 4000K (drit\u00eb neutrale e bardh\u00eb).<br \/>\nE p\u00ebrshtatshme p\u00ebr sallone, dhoma gjumi, restorante, hotele dhe ambiente moderne.<br \/>\nNgjyra e trupit \u00ebsht\u00eb e zez\u00eb me dizajn elegant dhe t\u00eb holl\u00eb.<\/p>","protected":false},"excerpt":{"rendered":"<p>Spot linear magnetik 10W, gjat\u00ebsi 30cm, trup i zi, p\u00ebr montim n\u00eb shina magnetike 48V.<\/p>","protected":false},"featured_media":2466,"template":"","meta":{"om_disable_all_campaigns":false,"_monsterinsights_skip_tracking":false,"_monsterinsights_sitenote_active":false,"_monsterinsights_sitenote_note":"","_monsterinsights_sitenote_category":0,"site-sidebar-layout":"default","site-content-layout":"","ast-site-content-layout":"default","site-content-style":"default","site-sidebar-style":"default","ast-global-header-display":"","ast-banner-title-visibility":"","ast-main-header-display":"","ast-hfb-above-header-display":"","ast-hfb-below-header-display":"","ast-hfb-mobile-header-display":"","site-post-title":"","ast-breadcrumbs-content":"","ast-featured-img":"","footer-sml-layout":"","ast-disable-related-posts":"","theme-transparent-header-meta":"default","adv-header-id-meta":"","stick-header-meta":"","header-above-stick-meta":"","header-main-stick-meta":"","header-below-stick-meta":"","astra-migrate-meta-layouts":"set","ast-page-background-enabled":"default","ast-page-background-meta":{"desktop":{"background-color":"var(--ast-global-color-4)","background-image":"","background-repeat":"repeat","background-position":"center center","background-size":"auto","background-attachment":"scroll","background-type":"","background-media":"","overlay-type":"","overlay-color":"","overlay-opacity":"","overlay-gradient":""},"tablet":{"background-color":"","background-image":"","background-repeat":"repeat","background-position":"center center","background-size":"auto","background-attachment":"scroll","background-type":"","background-media":"","overlay-type":"","overlay-color":"","overlay-opacity":"","overlay-gradient":""},"mobile":{"background-color":"","background-image":"","background-repeat":"repeat","background-position":"center center","background-size":"auto","background-attachment":"scroll","background-type":"","background-media":"","overlay-type":"","overlay-color":"","overlay-opacity":"","overlay-gradient":""}},"ast-content-background-meta":{"desktop":{"background-color":"var(--ast-global-color-5)","background-image":"","background-repeat":"repeat","background-position":"center center","background-size":"auto","background-attachment":"scroll","background-type":"","background-media":"","overlay-type":"","overlay-color":"","overlay-opacity":"","overlay-gradient":""},"tablet":{"background-color":"var(--ast-global-color-5)","background-image":"","background-repeat":"repeat","background-position":"center center","background-size":"auto","background-attachment":"scroll","background-type":"","background-media":"","overlay-type":"","overlay-color":"","overlay-opacity":"","overlay-gradient":""},"mobile":{"background-color":"var(--ast-global-color-5)","background-image":"","background-repeat":"repeat","background-position":"center center","background-size":"auto","background-attachment":"scroll","background-type":"","background-media":"","overlay-type":"","overlay-color":"","overlay-opacity":"","overlay-gradient":""}}},"product_brand":[],"product_cat":[73],"product_tag":[74,205],"class_list":{"0":"post-2464","1":"product","2":"type-product","3":"status-publish","4":"has-post-thumbnail","6":"product_cat-ndricim-magnetik","7":"product_tag-magnetik","8":"product_tag-marketplace","9":"desktop-align-left","10":"tablet-align-left","11":"mobile-align-left","13":"first","14":"instock","15":"shipping-taxable","16":"purchasable","17":"product-type-simple"},"yoast_head":"<!-- This site is optimized with the Yoast SEO Premium plugin v27.3 (Yoast SEO v27.3) - https:\/\/yoast.com\/product\/yoast-seo-premium-wordpress\/ -->\n<title>Spot magnetik linear 10W 30cm p\u00ebr shina magnetike 48V - ElektroAM - Produkte Elektrike dhe Ndri\u00e7ues LED<\/title>\n<meta name=\"robots\" content=\"index, follow, max-snippet:-1, max-image-preview:large, max-video-preview:-1\" \/>\n<link rel=\"canonical\" href=\"https:\/\/elektroam.store\/en\/product\/spot-magnetik-linear-10w-30cm-per-shina-magnetike-48v\/\" \/>\n<meta property=\"og:locale\" content=\"en_US\" \/>\n<meta property=\"og:type\" content=\"article\" \/>\n<meta property=\"og:title\" content=\"Spot magnetik linear 10W 30cm p\u00ebr shina magnetike 48V\" \/>\n<meta property=\"og:description\" content=\"Spot linear magnetik 10W, gjat\u00ebsi 30cm, trup i zi, p\u00ebr montim n\u00eb shina magnetike 48V.\" \/>\n<meta property=\"og:url\" content=\"https:\/\/elektroam.store\/en\/product\/spot-magnetik-linear-10w-30cm-per-shina-magnetike-48v\/\" \/>\n<meta property=\"og:site_name\" content=\"ElektroAM - Produkte Elektrike dhe Ndri\u00e7ues LED\" \/>\n<meta property=\"article:publisher\" content=\"https:\/\/www.facebook.com\/Elektroam\" \/>\n<meta property=\"article:modified_time\" content=\"2026-03-31T16:19:51+00:00\" \/>\n<meta property=\"og:image\" content=\"https:\/\/i0.wp.com\/elektroam.store\/wp-content\/uploads\/2025\/08\/Spot-linear-30cm-10w.png?fit=750%2C750&ssl=1\" \/>\n\t<meta property=\"og:image:width\" content=\"750\" \/>\n\t<meta property=\"og:image:height\" content=\"750\" \/>\n\t<meta property=\"og:image:type\" content=\"image\/png\" \/>\n<meta name=\"twitter:card\" content=\"summary_large_image\" \/>\n<meta name=\"twitter:label1\" content=\"Est. reading time\" \/>\n\t<meta name=\"twitter:data1\" content=\"1 minute\" \/>\n<script type=\"application\/ld+json\" class=\"yoast-schema-graph\">{\"@context\":\"https:\\\/\\\/schema.org\",\"@graph\":[{\"@type\":\"WebPage\",\"@id\":\"https:\\\/\\\/elektroam.store\\\/product\\\/spot-magnetik-linear-10w-30cm-per-shina-magnetike-48v\\\/\",\"url\":\"https:\\\/\\\/elektroam.store\\\/product\\\/spot-magnetik-linear-10w-30cm-per-shina-magnetike-48v\\\/\",\"name\":\"Spot magnetik linear 10W 30cm p\u00ebr shina magnetike 48V - ElektroAM - Produkte Elektrike dhe Ndri\u00e7ues LED\",\"isPartOf\":{\"@id\":\"https:\\\/\\\/poy.jhy.mybluehost.me\\\/#website\"},\"primaryImageOfPage\":{\"@id\":\"https:\\\/\\\/elektroam.store\\\/product\\\/spot-magnetik-linear-10w-30cm-per-shina-magnetike-48v\\\/#primaryimage\"},\"image\":{\"@id\":\"https:\\\/\\\/elektroam.store\\\/product\\\/spot-magnetik-linear-10w-30cm-per-shina-magnetike-48v\\\/#primaryimage\"},\"thumbnailUrl\":\"https:\\\/\\\/i0.wp.com\\\/elektroam.store\\\/wp-content\\\/uploads\\\/2025\\\/08\\\/Spot-linear-30cm-10w.png?fit=750%2C750&ssl=1\",\"datePublished\":\"2025-08-20T15:18:17+00:00\",\"dateModified\":\"2026-03-31T16:19:51+00:00\",\"breadcrumb\":{\"@id\":\"https:\\\/\\\/elektroam.store\\\/product\\\/spot-magnetik-linear-10w-30cm-per-shina-magnetike-48v\\\/#breadcrumb\"},\"inLanguage\":\"en-US\",\"potentialAction\":[{\"@type\":\"ReadAction\",\"target\":[\"https:\\\/\\\/elektroam.store\\\/product\\\/spot-magnetik-linear-10w-30cm-per-shina-magnetike-48v\\\/\"]}]},{\"@type\":\"ImageObject\",\"inLanguage\":\"en-US\",\"@id\":\"https:\\\/\\\/elektroam.store\\\/product\\\/spot-magnetik-linear-10w-30cm-per-shina-magnetike-48v\\\/#primaryimage\",\"url\":\"https:\\\/\\\/i0.wp.com\\\/elektroam.store\\\/wp-content\\\/uploads\\\/2025\\\/08\\\/Spot-linear-30cm-10w.png?fit=750%2C750&ssl=1\",\"contentUrl\":\"https:\\\/\\\/i0.wp.com\\\/elektroam.store\\\/wp-content\\\/uploads\\\/2025\\\/08\\\/Spot-linear-30cm-10w.png?fit=750%2C750&ssl=1\",\"width\":750,\"height\":750,\"caption\":\"spot magnetik linear 10w \u2013 30cm \u2013 p\u00ebr shina magnetike 48v\"},{\"@type\":\"BreadcrumbList\",\"@id\":\"https:\\\/\\\/elektroam.store\\\/product\\\/spot-magnetik-linear-10w-30cm-per-shina-magnetike-48v\\\/#breadcrumb\",\"itemListElement\":[{\"@type\":\"ListItem\",\"position\":1,\"name\":\"Home\",\"item\":\"https:\\\/\\\/elektroam.store\\\/\"},{\"@type\":\"ListItem\",\"position\":2,\"name\":\"Dyqani Online\",\"item\":\"https:\\\/\\\/elektroam.store\\\/shop\\\/\"},{\"@type\":\"ListItem\",\"position\":3,\"name\":\"Spot magnetik linear 10W 30cm p\u00ebr shina magnetike 48V\"}]},{\"@type\":\"WebSite\",\"@id\":\"https:\\\/\\\/poy.jhy.mybluehost.me\\\/#website\",\"url\":\"https:\\\/\\\/poy.jhy.mybluehost.me\\\/\",\"name\":\"ElektroAM - Produkte Elektrike dhe Ndri\u00e7ues LED\",\"description\":\"ElektroAM ofron zgjidhje profesionale p\u00ebr produkte elektrike dhe ndri\u00e7ues LED. Bli online ose vizito dyqanet tona n\u00eb Ferizaj p\u00ebr sh\u00ebrbim t\u00eb shk\u00eblqyer.\",\"publisher\":{\"@id\":\"https:\\\/\\\/poy.jhy.mybluehost.me\\\/#organization\"},\"potentialAction\":[{\"@type\":\"SearchAction\",\"target\":{\"@type\":\"EntryPoint\",\"urlTemplate\":\"https:\\\/\\\/poy.jhy.mybluehost.me\\\/?s={search_term_string}\"},\"query-input\":{\"@type\":\"PropertyValueSpecification\",\"valueRequired\":true,\"valueName\":\"search_term_string\"}}],\"inLanguage\":\"en-US\"},{\"@type\":\"Organization\",\"@id\":\"https:\\\/\\\/poy.jhy.mybluehost.me\\\/#organization\",\"name\":\"ElektroAM - Produkte Elektrike dhe Ndri\u00e7ues LED\",\"url\":\"https:\\\/\\\/poy.jhy.mybluehost.me\\\/\",\"logo\":{\"@type\":\"ImageObject\",\"inLanguage\":\"en-US\",\"@id\":\"https:\\\/\\\/poy.jhy.mybluehost.me\\\/#\\\/schema\\\/logo\\\/image\\\/\",\"url\":\"https:\\\/\\\/i0.wp.com\\\/elektroam.store\\\/wp-content\\\/uploads\\\/2025\\\/07\\\/Logo.jpg?fit=1600%2C228&ssl=1\",\"contentUrl\":\"https:\\\/\\\/i0.wp.com\\\/elektroam.store\\\/wp-content\\\/uploads\\\/2025\\\/07\\\/Logo.jpg?fit=1600%2C228&ssl=1\",\"width\":1600,\"height\":228,\"caption\":\"ElektroAM - Produkte Elektrike dhe Ndri\u00e7ues LED\"},\"image\":{\"@id\":\"https:\\\/\\\/poy.jhy.mybluehost.me\\\/#\\\/schema\\\/logo\\\/image\\\/\"},\"sameAs\":[\"https:\\\/\\\/www.facebook.com\\\/Elektroam\",\"https:\\\/\\\/www.instagram.com\\\/elektroam\\\/\"]}]}<\/script>\n<!-- \/ Yoast SEO Premium plugin. -->","yoast_head_json":{"title":"Spot magnetik linear 10W 30cm p\u00ebr shina magnetike 48V - ElektroAM - Produkte Elektrike dhe Ndri\u00e7ues LED","robots":{"index":"index","follow":"follow","max-snippet":"max-snippet:-1","max-image-preview":"max-image-preview:large","max-video-preview":"max-video-preview:-1"},"canonical":"https:\/\/elektroam.store\/en\/product\/spot-magnetik-linear-10w-30cm-per-shina-magnetike-48v\/","og_locale":"en_US","og_type":"article","og_title":"Spot magnetik linear 10W 30cm p\u00ebr shina magnetike 48V","og_description":"Spot linear magnetik 10W, gjat\u00ebsi 30cm, trup i zi, p\u00ebr montim n\u00eb shina magnetike 48V.","og_url":"https:\/\/elektroam.store\/en\/product\/spot-magnetik-linear-10w-30cm-per-shina-magnetike-48v\/","og_site_name":"ElektroAM - Produkte Elektrike dhe Ndri\u00e7ues LED","article_publisher":"https:\/\/www.facebook.com\/Elektroam","article_modified_time":"2026-03-31T16:19:51+00:00","og_image":[{"width":750,"height":750,"url":"https:\/\/i0.wp.com\/elektroam.store\/wp-content\/uploads\/2025\/08\/Spot-linear-30cm-10w.png?fit=750%2C750&ssl=1","type":"image\/png"}],"twitter_card":"summary_large_image","twitter_misc":{"Est. reading time":"1 minute"},"schema":{"@context":"https:\/\/schema.org","@graph":[{"@type":"WebPage","@id":"https:\/\/elektroam.store\/product\/spot-magnetik-linear-10w-30cm-per-shina-magnetike-48v\/","url":"https:\/\/elektroam.store\/product\/spot-magnetik-linear-10w-30cm-per-shina-magnetike-48v\/","name":"Spot magnetik linear 10W 30cm p\u00ebr shina magnetike 48V - ElektroAM - Produkte Elektrike dhe Ndri\u00e7ues LED","isPartOf":{"@id":"https:\/\/poy.jhy.mybluehost.me\/#website"},"primaryImageOfPage":{"@id":"https:\/\/elektroam.store\/product\/spot-magnetik-linear-10w-30cm-per-shina-magnetike-48v\/#primaryimage"},"image":{"@id":"https:\/\/elektroam.store\/product\/spot-magnetik-linear-10w-30cm-per-shina-magnetike-48v\/#primaryimage"},"thumbnailUrl":"https:\/\/i0.wp.com\/elektroam.store\/wp-content\/uploads\/2025\/08\/Spot-linear-30cm-10w.png?fit=750%2C750&ssl=1","datePublished":"2025-08-20T15:18:17+00:00","dateModified":"2026-03-31T16:19:51+00:00","breadcrumb":{"@id":"https:\/\/elektroam.store\/product\/spot-magnetik-linear-10w-30cm-per-shina-magnetike-48v\/#breadcrumb"},"inLanguage":"en-US","potentialAction":[{"@type":"ReadAction","target":["https:\/\/elektroam.store\/product\/spot-magnetik-linear-10w-30cm-per-shina-magnetike-48v\/"]}]},{"@type":"ImageObject","inLanguage":"en-US","@id":"https:\/\/elektroam.store\/product\/spot-magnetik-linear-10w-30cm-per-shina-magnetike-48v\/#primaryimage","url":"https:\/\/i0.wp.com\/elektroam.store\/wp-content\/uploads\/2025\/08\/Spot-linear-30cm-10w.png?fit=750%2C750&ssl=1","contentUrl":"https:\/\/i0.wp.com\/elektroam.store\/wp-content\/uploads\/2025\/08\/Spot-linear-30cm-10w.png?fit=750%2C750&ssl=1","width":750,"height":750,"caption":"spot magnetik linear 10w \u2013 30cm \u2013 p\u00ebr shina magnetike 48v"},{"@type":"BreadcrumbList","@id":"https:\/\/elektroam.store\/product\/spot-magnetik-linear-10w-30cm-per-shina-magnetike-48v\/#breadcrumb","itemListElement":[{"@type":"ListItem","position":1,"name":"Home","item":"https:\/\/elektroam.store\/"},{"@type":"ListItem","position":2,"name":"Dyqani Online","item":"https:\/\/elektroam.store\/shop\/"},{"@type":"ListItem","position":3,"name":"Spot magnetik linear 10W 30cm p\u00ebr shina magnetike 48V"}]},{"@type":"WebSite","@id":"https:\/\/poy.jhy.mybluehost.me\/#website","url":"https:\/\/poy.jhy.mybluehost.me\/","name":"ElektroAM \u2013 Electrical Products and LED Lighting","description":"ElektroAM ofron zgjidhje profesionale p\u00ebr produkte elektrike dhe ndri\u00e7ues LED. Bli online ose vizito dyqanet tona n\u00eb Ferizaj p\u00ebr sh\u00ebrbim t\u00eb shk\u00eblqyer.","publisher":{"@id":"https:\/\/poy.jhy.mybluehost.me\/#organization"},"potentialAction":[{"@type":"SearchAction","target":{"@type":"EntryPoint","urlTemplate":"https:\/\/poy.jhy.mybluehost.me\/?s={search_term_string}"},"query-input":{"@type":"PropertyValueSpecification","valueRequired":true,"valueName":"search_term_string"}}],"inLanguage":"en-US"},{"@type":"Organization","@id":"https:\/\/poy.jhy.mybluehost.me\/#organization","name":"ElektroAM \u2013 Electrical Products and LED Lighting","url":"https:\/\/poy.jhy.mybluehost.me\/","logo":{"@type":"ImageObject","inLanguage":"en-US","@id":"https:\/\/poy.jhy.mybluehost.me\/#\/schema\/logo\/image\/","url":"https:\/\/i0.wp.com\/elektroam.store\/wp-content\/uploads\/2025\/07\/Logo.jpg?fit=1600%2C228&ssl=1","contentUrl":"https:\/\/i0.wp.com\/elektroam.store\/wp-content\/uploads\/2025\/07\/Logo.jpg?fit=1600%2C228&ssl=1","width":1600,"height":228,"caption":"ElektroAM - Produkte Elektrike dhe Ndri\u00e7ues LED"},"image":{"@id":"https:\/\/poy.jhy.mybluehost.me\/#\/schema\/logo\/image\/"},"sameAs":["https:\/\/www.facebook.com\/Elektroam","https:\/\/www.instagram.com\/elektroam\/"]}]}},"jetpack_sharing_enabled":true,"_links":{"self":[{"href":"https:\/\/elektroam.store\/en\/wp-json\/wp\/v2\/product\/2464","targetHints":{"allow":["GET"]}}],"collection":[{"href":"https:\/\/elektroam.store\/en\/wp-json\/wp\/v2\/product"}],"about":[{"href":"https:\/\/elektroam.store\/en\/wp-json\/wp\/v2\/types\/product"}],"wp:featuredmedia":[{"embeddable":true,"href":"https:\/\/elektroam.store\/en\/wp-json\/wp\/v2\/media\/2466"}],"wp:attachment":[{"href":"https:\/\/elektroam.store\/en\/wp-json\/wp\/v2\/media?parent=2464"}],"wp:term":[{"taxonomy":"product_brand","embeddable":true,"href":"https:\/\/elektroam.store\/en\/wp-json\/wp\/v2\/product_brand?post=2464"},{"taxonomy":"product_cat","embeddable":true,"href":"https:\/\/elektroam.store\/en\/wp-json\/wp\/v2\/product_cat?post=2464"},{"taxonomy":"product_tag","embeddable":true,"href":"https:\/\/elektroam.store\/en\/wp-json\/wp\/v2\/product_tag?post=2464"}],"curies":[{"name":"wp","href":"https:\/\/api.w.org\/{rel}","templated":true}]}}