{"id":2568,"date":"2025-08-21T11:22:14","date_gmt":"2025-08-21T11:22:14","guid":{"rendered":"https:\/\/elektroam.store\/?post_type=product&#038;p=2568"},"modified":"2026-03-31T16:19:58","modified_gmt":"2026-03-31T16:19:58","slug":"wago-pcv-pct214-4p","status":"publish","type":"product","link":"https:\/\/elektroam.store\/en\/product\/wago-pcv-pct214-4p\/","title":{"rendered":"Wago PCV PCT214 4P"},"content":{"rendered":"<p>Wago PCV PCT214 4P \u00ebsht\u00eb konektor praktik q\u00eb sh\u00ebrben p\u00ebr lidhjen e 4 p\u00ebr\u00e7uesve t\u00eb fort\u00eb n\u00eb nj\u00eb pik\u00eb t\u00eb vetme.<\/p>\n<p>Kapacitet: 0.5 \u2013 2.5 mm\u00b2<\/p>\n<p>Numri i hyrjeve: 4<\/p>\n<p>Rryma: 24A<\/p>\n<p>Tensioni: 450V \/ 4kV<\/p>\n<p>I thjesht\u00eb dhe i shpejt\u00eb p\u00ebr p\u00ebrdorim n\u00eb instalime elektrike.<\/p>","protected":false},"excerpt":{"rendered":"<p>Wago konektor elektrik, 4 hyrje, 24A, 450V.<\/p>","protected":false},"featured_media":2570,"template":"","meta":{"om_disable_all_campaigns":false,"_monsterinsights_skip_tracking":false,"_monsterinsights_sitenote_active":false,"_monsterinsights_sitenote_note":"","_monsterinsights_sitenote_category":0,"site-sidebar-layout":"default","site-content-layout":"","ast-site-content-layout":"default","site-content-style":"default","site-sidebar-style":"default","ast-global-header-display":"","ast-banner-title-visibility":"","ast-main-header-display":"","ast-hfb-above-header-display":"","ast-hfb-below-header-display":"","ast-hfb-mobile-header-display":"","site-post-title":"","ast-breadcrumbs-content":"","ast-featured-img":"","footer-sml-layout":"","ast-disable-related-posts":"","theme-transparent-header-meta":"default","adv-header-id-meta":"","stick-header-meta":"","header-above-stick-meta":"","header-main-stick-meta":"","header-below-stick-meta":"","astra-migrate-meta-layouts":"set","ast-page-background-enabled":"default","ast-page-background-meta":{"desktop":{"background-color":"var(--ast-global-color-4)","background-image":"","background-repeat":"repeat","background-position":"center center","background-size":"auto","background-attachment":"scroll","background-type":"","background-media":"","overlay-type":"","overlay-color":"","overlay-opacity":"","overlay-gradient":""},"tablet":{"background-color":"","background-image":"","background-repeat":"repeat","background-position":"center center","background-size":"auto","background-attachment":"scroll","background-type":"","background-media":"","overlay-type":"","overlay-color":"","overlay-opacity":"","overlay-gradient":""},"mobile":{"background-color":"","background-image":"","background-repeat":"repeat","background-position":"center center","background-size":"auto","background-attachment":"scroll","background-type":"","background-media":"","overlay-type":"","overlay-color":"","overlay-opacity":"","overlay-gradient":""}},"ast-content-background-meta":{"desktop":{"background-color":"var(--ast-global-color-5)","background-image":"","background-repeat":"repeat","background-position":"center center","background-size":"auto","background-attachment":"scroll","background-type":"","background-media":"","overlay-type":"","overlay-color":"","overlay-opacity":"","overlay-gradient":""},"tablet":{"background-color":"var(--ast-global-color-5)","background-image":"","background-repeat":"repeat","background-position":"center center","background-size":"auto","background-attachment":"scroll","background-type":"","background-media":"","overlay-type":"","overlay-color":"","overlay-opacity":"","overlay-gradient":""},"mobile":{"background-color":"var(--ast-global-color-5)","background-image":"","background-repeat":"repeat","background-position":"center center","background-size":"auto","background-attachment":"scroll","background-type":"","background-media":"","overlay-type":"","overlay-color":"","overlay-opacity":"","overlay-gradient":""}}},"product_brand":[],"product_cat":[56],"product_tag":[57,75],"class_list":{"0":"post-2568","1":"product","2":"type-product","3":"status-publish","4":"has-post-thumbnail","6":"product_cat-kleme-terminale","7":"product_tag-kleme","8":"product_tag-wago","9":"desktop-align-left","10":"tablet-align-left","11":"mobile-align-left","13":"first","14":"instock","15":"shipping-taxable","16":"purchasable","17":"product-type-simple"},"yoast_head":"<!-- This site is optimized with the Yoast SEO Premium plugin v27.3 (Yoast SEO v27.3) - https:\/\/yoast.com\/product\/yoast-seo-premium-wordpress\/ -->\n<title>Wago PCV PCT214 4P - ElektroAM - Produkte Elektrike dhe Ndri\u00e7ues LED<\/title>\n<meta name=\"robots\" content=\"index, follow, max-snippet:-1, max-image-preview:large, max-video-preview:-1\" \/>\n<link rel=\"canonical\" href=\"https:\/\/elektroam.store\/en\/product\/wago-pcv-pct214-4p\/\" \/>\n<meta property=\"og:locale\" content=\"en_US\" \/>\n<meta property=\"og:type\" content=\"article\" \/>\n<meta property=\"og:title\" content=\"Wago PCV PCT214 4P\" \/>\n<meta property=\"og:description\" content=\"Wago konektor elektrik, 4 hyrje, 24A, 450V.\" \/>\n<meta property=\"og:url\" content=\"https:\/\/elektroam.store\/en\/product\/wago-pcv-pct214-4p\/\" \/>\n<meta property=\"og:site_name\" content=\"ElektroAM - Produkte Elektrike dhe Ndri\u00e7ues LED\" \/>\n<meta property=\"article:publisher\" content=\"https:\/\/www.facebook.com\/Elektroam\" \/>\n<meta property=\"article:modified_time\" content=\"2026-03-31T16:19:58+00:00\" \/>\n<meta property=\"og:image\" content=\"https:\/\/i0.wp.com\/elektroam.store\/wp-content\/uploads\/2025\/08\/wago-pvc4.png?fit=700%2C700&ssl=1\" \/>\n\t<meta property=\"og:image:width\" content=\"700\" \/>\n\t<meta property=\"og:image:height\" content=\"700\" \/>\n\t<meta property=\"og:image:type\" content=\"image\/png\" \/>\n<meta name=\"twitter:card\" content=\"summary_large_image\" \/>\n<meta name=\"twitter:label1\" content=\"Est. reading time\" \/>\n\t<meta name=\"twitter:data1\" content=\"1 minute\" \/>\n<script type=\"application\/ld+json\" class=\"yoast-schema-graph\">{\"@context\":\"https:\\\/\\\/schema.org\",\"@graph\":[{\"@type\":\"WebPage\",\"@id\":\"https:\\\/\\\/elektroam.store\\\/product\\\/wago-pcv-pct214-4p\\\/\",\"url\":\"https:\\\/\\\/elektroam.store\\\/product\\\/wago-pcv-pct214-4p\\\/\",\"name\":\"Wago PCV PCT214 4P - ElektroAM - Produkte Elektrike dhe Ndri\u00e7ues LED\",\"isPartOf\":{\"@id\":\"https:\\\/\\\/poy.jhy.mybluehost.me\\\/#website\"},\"primaryImageOfPage\":{\"@id\":\"https:\\\/\\\/elektroam.store\\\/product\\\/wago-pcv-pct214-4p\\\/#primaryimage\"},\"image\":{\"@id\":\"https:\\\/\\\/elektroam.store\\\/product\\\/wago-pcv-pct214-4p\\\/#primaryimage\"},\"thumbnailUrl\":\"https:\\\/\\\/i0.wp.com\\\/elektroam.store\\\/wp-content\\\/uploads\\\/2025\\\/08\\\/wago-pvc4.png?fit=700%2C700&ssl=1\",\"datePublished\":\"2025-08-21T11:22:14+00:00\",\"dateModified\":\"2026-03-31T16:19:58+00:00\",\"breadcrumb\":{\"@id\":\"https:\\\/\\\/elektroam.store\\\/product\\\/wago-pcv-pct214-4p\\\/#breadcrumb\"},\"inLanguage\":\"en-US\",\"potentialAction\":[{\"@type\":\"ReadAction\",\"target\":[\"https:\\\/\\\/elektroam.store\\\/product\\\/wago-pcv-pct214-4p\\\/\"]}]},{\"@type\":\"ImageObject\",\"inLanguage\":\"en-US\",\"@id\":\"https:\\\/\\\/elektroam.store\\\/product\\\/wago-pcv-pct214-4p\\\/#primaryimage\",\"url\":\"https:\\\/\\\/i0.wp.com\\\/elektroam.store\\\/wp-content\\\/uploads\\\/2025\\\/08\\\/wago-pvc4.png?fit=700%2C700&ssl=1\",\"contentUrl\":\"https:\\\/\\\/i0.wp.com\\\/elektroam.store\\\/wp-content\\\/uploads\\\/2025\\\/08\\\/wago-pvc4.png?fit=700%2C700&ssl=1\",\"width\":700,\"height\":700,\"caption\":\"wago pcv pct214 4p\"},{\"@type\":\"BreadcrumbList\",\"@id\":\"https:\\\/\\\/elektroam.store\\\/product\\\/wago-pcv-pct214-4p\\\/#breadcrumb\",\"itemListElement\":[{\"@type\":\"ListItem\",\"position\":1,\"name\":\"Home\",\"item\":\"https:\\\/\\\/elektroam.store\\\/\"},{\"@type\":\"ListItem\",\"position\":2,\"name\":\"Dyqani Online\",\"item\":\"https:\\\/\\\/elektroam.store\\\/shop\\\/\"},{\"@type\":\"ListItem\",\"position\":3,\"name\":\"Wago PCV PCT214 4P\"}]},{\"@type\":\"WebSite\",\"@id\":\"https:\\\/\\\/poy.jhy.mybluehost.me\\\/#website\",\"url\":\"https:\\\/\\\/poy.jhy.mybluehost.me\\\/\",\"name\":\"ElektroAM - Produkte Elektrike dhe Ndri\u00e7ues LED\",\"description\":\"ElektroAM ofron zgjidhje profesionale p\u00ebr produkte elektrike dhe ndri\u00e7ues LED. Bli online ose vizito dyqanet tona n\u00eb Ferizaj p\u00ebr sh\u00ebrbim t\u00eb shk\u00eblqyer.\",\"publisher\":{\"@id\":\"https:\\\/\\\/poy.jhy.mybluehost.me\\\/#organization\"},\"potentialAction\":[{\"@type\":\"SearchAction\",\"target\":{\"@type\":\"EntryPoint\",\"urlTemplate\":\"https:\\\/\\\/poy.jhy.mybluehost.me\\\/?s={search_term_string}\"},\"query-input\":{\"@type\":\"PropertyValueSpecification\",\"valueRequired\":true,\"valueName\":\"search_term_string\"}}],\"inLanguage\":\"en-US\"},{\"@type\":\"Organization\",\"@id\":\"https:\\\/\\\/poy.jhy.mybluehost.me\\\/#organization\",\"name\":\"ElektroAM - Produkte Elektrike dhe Ndri\u00e7ues LED\",\"url\":\"https:\\\/\\\/poy.jhy.mybluehost.me\\\/\",\"logo\":{\"@type\":\"ImageObject\",\"inLanguage\":\"en-US\",\"@id\":\"https:\\\/\\\/poy.jhy.mybluehost.me\\\/#\\\/schema\\\/logo\\\/image\\\/\",\"url\":\"https:\\\/\\\/i0.wp.com\\\/elektroam.store\\\/wp-content\\\/uploads\\\/2025\\\/07\\\/Logo.jpg?fit=1600%2C228&ssl=1\",\"contentUrl\":\"https:\\\/\\\/i0.wp.com\\\/elektroam.store\\\/wp-content\\\/uploads\\\/2025\\\/07\\\/Logo.jpg?fit=1600%2C228&ssl=1\",\"width\":1600,\"height\":228,\"caption\":\"ElektroAM - Produkte Elektrike dhe Ndri\u00e7ues LED\"},\"image\":{\"@id\":\"https:\\\/\\\/poy.jhy.mybluehost.me\\\/#\\\/schema\\\/logo\\\/image\\\/\"},\"sameAs\":[\"https:\\\/\\\/www.facebook.com\\\/Elektroam\",\"https:\\\/\\\/www.instagram.com\\\/elektroam\\\/\"]}]}<\/script>\n<!-- \/ Yoast SEO Premium plugin. -->","yoast_head_json":{"title":"Wago PCV PCT214 4P - ElektroAM - Produkte Elektrike dhe Ndri\u00e7ues LED","robots":{"index":"index","follow":"follow","max-snippet":"max-snippet:-1","max-image-preview":"max-image-preview:large","max-video-preview":"max-video-preview:-1"},"canonical":"https:\/\/elektroam.store\/en\/product\/wago-pcv-pct214-4p\/","og_locale":"en_US","og_type":"article","og_title":"Wago PCV PCT214 4P","og_description":"Wago konektor elektrik, 4 hyrje, 24A, 450V.","og_url":"https:\/\/elektroam.store\/en\/product\/wago-pcv-pct214-4p\/","og_site_name":"ElektroAM - Produkte Elektrike dhe Ndri\u00e7ues LED","article_publisher":"https:\/\/www.facebook.com\/Elektroam","article_modified_time":"2026-03-31T16:19:58+00:00","og_image":[{"width":700,"height":700,"url":"https:\/\/i0.wp.com\/elektroam.store\/wp-content\/uploads\/2025\/08\/wago-pvc4.png?fit=700%2C700&ssl=1","type":"image\/png"}],"twitter_card":"summary_large_image","twitter_misc":{"Est. reading time":"1 minute"},"schema":{"@context":"https:\/\/schema.org","@graph":[{"@type":"WebPage","@id":"https:\/\/elektroam.store\/product\/wago-pcv-pct214-4p\/","url":"https:\/\/elektroam.store\/product\/wago-pcv-pct214-4p\/","name":"Wago PCV PCT214 4P - ElektroAM - Produkte Elektrike dhe Ndri\u00e7ues LED","isPartOf":{"@id":"https:\/\/poy.jhy.mybluehost.me\/#website"},"primaryImageOfPage":{"@id":"https:\/\/elektroam.store\/product\/wago-pcv-pct214-4p\/#primaryimage"},"image":{"@id":"https:\/\/elektroam.store\/product\/wago-pcv-pct214-4p\/#primaryimage"},"thumbnailUrl":"https:\/\/i0.wp.com\/elektroam.store\/wp-content\/uploads\/2025\/08\/wago-pvc4.png?fit=700%2C700&ssl=1","datePublished":"2025-08-21T11:22:14+00:00","dateModified":"2026-03-31T16:19:58+00:00","breadcrumb":{"@id":"https:\/\/elektroam.store\/product\/wago-pcv-pct214-4p\/#breadcrumb"},"inLanguage":"en-US","potentialAction":[{"@type":"ReadAction","target":["https:\/\/elektroam.store\/product\/wago-pcv-pct214-4p\/"]}]},{"@type":"ImageObject","inLanguage":"en-US","@id":"https:\/\/elektroam.store\/product\/wago-pcv-pct214-4p\/#primaryimage","url":"https:\/\/i0.wp.com\/elektroam.store\/wp-content\/uploads\/2025\/08\/wago-pvc4.png?fit=700%2C700&ssl=1","contentUrl":"https:\/\/i0.wp.com\/elektroam.store\/wp-content\/uploads\/2025\/08\/wago-pvc4.png?fit=700%2C700&ssl=1","width":700,"height":700,"caption":"wago pcv pct214 4p"},{"@type":"BreadcrumbList","@id":"https:\/\/elektroam.store\/product\/wago-pcv-pct214-4p\/#breadcrumb","itemListElement":[{"@type":"ListItem","position":1,"name":"Home","item":"https:\/\/elektroam.store\/"},{"@type":"ListItem","position":2,"name":"Dyqani Online","item":"https:\/\/elektroam.store\/shop\/"},{"@type":"ListItem","position":3,"name":"Wago PCV PCT214 4P"}]},{"@type":"WebSite","@id":"https:\/\/poy.jhy.mybluehost.me\/#website","url":"https:\/\/poy.jhy.mybluehost.me\/","name":"ElektroAM \u2013 Electrical Products and LED Lighting","description":"ElektroAM ofron zgjidhje profesionale p\u00ebr produkte elektrike dhe ndri\u00e7ues LED. Bli online ose vizito dyqanet tona n\u00eb Ferizaj p\u00ebr sh\u00ebrbim t\u00eb shk\u00eblqyer.","publisher":{"@id":"https:\/\/poy.jhy.mybluehost.me\/#organization"},"potentialAction":[{"@type":"SearchAction","target":{"@type":"EntryPoint","urlTemplate":"https:\/\/poy.jhy.mybluehost.me\/?s={search_term_string}"},"query-input":{"@type":"PropertyValueSpecification","valueRequired":true,"valueName":"search_term_string"}}],"inLanguage":"en-US"},{"@type":"Organization","@id":"https:\/\/poy.jhy.mybluehost.me\/#organization","name":"ElektroAM \u2013 Electrical Products and LED Lighting","url":"https:\/\/poy.jhy.mybluehost.me\/","logo":{"@type":"ImageObject","inLanguage":"en-US","@id":"https:\/\/poy.jhy.mybluehost.me\/#\/schema\/logo\/image\/","url":"https:\/\/i0.wp.com\/elektroam.store\/wp-content\/uploads\/2025\/07\/Logo.jpg?fit=1600%2C228&ssl=1","contentUrl":"https:\/\/i0.wp.com\/elektroam.store\/wp-content\/uploads\/2025\/07\/Logo.jpg?fit=1600%2C228&ssl=1","width":1600,"height":228,"caption":"ElektroAM - Produkte Elektrike dhe Ndri\u00e7ues LED"},"image":{"@id":"https:\/\/poy.jhy.mybluehost.me\/#\/schema\/logo\/image\/"},"sameAs":["https:\/\/www.facebook.com\/Elektroam","https:\/\/www.instagram.com\/elektroam\/"]}]}},"jetpack_sharing_enabled":true,"_links":{"self":[{"href":"https:\/\/elektroam.store\/en\/wp-json\/wp\/v2\/product\/2568","targetHints":{"allow":["GET"]}}],"collection":[{"href":"https:\/\/elektroam.store\/en\/wp-json\/wp\/v2\/product"}],"about":[{"href":"https:\/\/elektroam.store\/en\/wp-json\/wp\/v2\/types\/product"}],"wp:featuredmedia":[{"embeddable":true,"href":"https:\/\/elektroam.store\/en\/wp-json\/wp\/v2\/media\/2570"}],"wp:attachment":[{"href":"https:\/\/elektroam.store\/en\/wp-json\/wp\/v2\/media?parent=2568"}],"wp:term":[{"taxonomy":"product_brand","embeddable":true,"href":"https:\/\/elektroam.store\/en\/wp-json\/wp\/v2\/product_brand?post=2568"},{"taxonomy":"product_cat","embeddable":true,"href":"https:\/\/elektroam.store\/en\/wp-json\/wp\/v2\/product_cat?post=2568"},{"taxonomy":"product_tag","embeddable":true,"href":"https:\/\/elektroam.store\/en\/wp-json\/wp\/v2\/product_tag?post=2568"}],"curies":[{"name":"wp","href":"https:\/\/api.w.org\/{rel}","templated":true}]}}