{"id":4240,"date":"2025-09-02T11:56:48","date_gmt":"2025-09-02T11:56:48","guid":{"rendered":"https:\/\/elektroam.store\/?post_type=product&#038;p=4240"},"modified":"2026-03-11T14:05:32","modified_gmt":"2026-03-11T14:05:32","slug":"shirit-led-12v-5050-rgb-14-4w-m-ip20-60-led-m","status":"publish","type":"product","link":"https:\/\/elektroam.store\/en\/product\/shirit-led-12v-5050-rgb-14-4w-m-ip20-60-led-m\/","title":{"rendered":"Shirit LED 12V 5050 RGB 14.4W\/m IP20 \u2013 60 LED\/m"},"content":{"rendered":"<p>P\u00ebrdorimi kryesor dhe aplikimi: Shirit LED RGB me ndri\u00e7im t\u00eb fuqish\u00ebm, i p\u00ebrshtatsh\u00ebm p\u00ebr dhoma, lokale, skena t\u00eb vogla, rafte dhe ambiente t\u00eb brendshme ku k\u00ebrkohet ndri\u00e7im shum\u00ebngjyr\u00ebsh intensiv.<\/p>\n<p>Tip LED: SMD 5050 RGB<\/p>\n<p>Tension pune: 12V DC<\/p>\n<p>Fuqia: 14.4W p\u00ebr met\u00ebr<\/p>\n<p>Dend\u00ebsia e LED-\u00ebve: 60 LED p\u00ebr met\u00ebr<\/p>\n<p>Ngjyra: RGB \u2013 tre ngjyrat baz\u00eb (kuqe, jeshile, kalt\u00ebr) krijojn\u00eb kombinime dhe efekte t\u00eb ndryshme dekorative.<\/p>\n<p>Prerja: \u00e7do 3 LED (af\u00ebrsisht \u00e7do 5 cm)<\/p>\n<p>Mbrojtja: IP20 \u2013 p\u00ebr p\u00ebrdorim t\u00eb brendsh\u00ebm (jo i p\u00ebrshtatsh\u00ebm p\u00ebr lag\u00ebshti)<\/p>\n<p>Instalimi: me shirit ngjit\u00ebs 3M p\u00ebr montim t\u00eb shpejt\u00eb<\/p>\n<p>Mund\u00ebsit\u00eb e kontrollit: i pajtuesh\u00ebm me kontrolle RGB (telekomand\u00eb, DMX, aplikacion), me funksione si flash, strobe, fade, smooth<\/p>\n<p>Forma e shitjes: Shitet n\u00eb roll 5 metra, \u00e7mimi i listuar \u00ebsht\u00eb p\u00ebr 5 met\u00ebr gjat\u00ebsie<\/p>\n<p>P\u00ebrpar\u00ebsit\u00eb\/kualitetet kryesore: Drit\u00eb m\u00eb e fuqishme krahasuar me versionin 7.2W\/m, jet\u00ebgjat\u00ebsi, kursim energjie dhe efekte shum\u00ebngjyr\u00ebshe p\u00ebr ambiente t\u00eb brendshme.<\/p>","protected":false},"excerpt":{"rendered":"<p>Shirit LED 12V tip 5050 RGB, 14.4W\/m, 60 LED\/m, IP20 p\u00ebr ambiente t\u00eb brendshme. Jep kombinime t\u00eb ndryshme ngjyrash dekorative. Shitet n\u00eb roll 5m, \u00e7mimi \u00ebsht\u00eb p\u00ebr 5 met\u00ebr.<\/p>","protected":false},"featured_media":4242,"template":"","meta":{"om_disable_all_campaigns":false,"_monsterinsights_skip_tracking":false,"_monsterinsights_sitenote_active":false,"_monsterinsights_sitenote_note":"","_monsterinsights_sitenote_category":0,"site-sidebar-layout":"default","site-content-layout":"","ast-site-content-layout":"default","site-content-style":"default","site-sidebar-style":"default","ast-global-header-display":"","ast-banner-title-visibility":"","ast-main-header-display":"","ast-hfb-above-header-display":"","ast-hfb-below-header-display":"","ast-hfb-mobile-header-display":"","site-post-title":"","ast-breadcrumbs-content":"","ast-featured-img":"","footer-sml-layout":"","ast-disable-related-posts":"","theme-transparent-header-meta":"default","adv-header-id-meta":"","stick-header-meta":"","header-above-stick-meta":"","header-main-stick-meta":"","header-below-stick-meta":"","astra-migrate-meta-layouts":"set","ast-page-background-enabled":"default","ast-page-background-meta":{"desktop":{"background-color":"var(--ast-global-color-4)","background-image":"","background-repeat":"repeat","background-position":"center center","background-size":"auto","background-attachment":"scroll","background-type":"","background-media":"","overlay-type":"","overlay-color":"","overlay-opacity":"","overlay-gradient":""},"tablet":{"background-color":"","background-image":"","background-repeat":"repeat","background-position":"center center","background-size":"auto","background-attachment":"scroll","background-type":"","background-media":"","overlay-type":"","overlay-color":"","overlay-opacity":"","overlay-gradient":""},"mobile":{"background-color":"","background-image":"","background-repeat":"repeat","background-position":"center center","background-size":"auto","background-attachment":"scroll","background-type":"","background-media":"","overlay-type":"","overlay-color":"","overlay-opacity":"","overlay-gradient":""}},"ast-content-background-meta":{"desktop":{"background-color":"var(--ast-global-color-5)","background-image":"","background-repeat":"repeat","background-position":"center center","background-size":"auto","background-attachment":"scroll","background-type":"","background-media":"","overlay-type":"","overlay-color":"","overlay-opacity":"","overlay-gradient":""},"tablet":{"background-color":"var(--ast-global-color-5)","background-image":"","background-repeat":"repeat","background-position":"center center","background-size":"auto","background-attachment":"scroll","background-type":"","background-media":"","overlay-type":"","overlay-color":"","overlay-opacity":"","overlay-gradient":""},"mobile":{"background-color":"var(--ast-global-color-5)","background-image":"","background-repeat":"repeat","background-position":"center center","background-size":"auto","background-attachment":"scroll","background-type":"","background-media":"","overlay-type":"","overlay-color":"","overlay-opacity":"","overlay-gradient":""}}},"product_brand":[],"product_cat":[109],"product_tag":[79,205],"class_list":{"0":"post-4240","1":"product","2":"type-product","3":"status-publish","4":"has-post-thumbnail","6":"product_cat-shirit-led-12v","7":"product_tag-led","8":"product_tag-marketplace","9":"desktop-align-left","10":"tablet-align-left","11":"mobile-align-left","13":"first","14":"instock","15":"shipping-taxable","16":"purchasable","17":"product-type-simple"},"yoast_head":"<!-- This site is optimized with the Yoast SEO Premium plugin v27.3 (Yoast SEO v27.3) - https:\/\/yoast.com\/product\/yoast-seo-premium-wordpress\/ -->\n<title>Shirit LED 12V 5050 RGB 14.4W\/m IP20 \u2013 60 LED\/m - ElektroAM - Produkte Elektrike dhe Ndri\u00e7ues LED<\/title>\n<meta name=\"robots\" content=\"index, follow, max-snippet:-1, max-image-preview:large, max-video-preview:-1\" \/>\n<link rel=\"canonical\" href=\"https:\/\/elektroam.store\/en\/product\/shirit-led-12v-5050-rgb-14-4w-m-ip20-60-led-m\/\" \/>\n<meta property=\"og:locale\" content=\"en_US\" \/>\n<meta property=\"og:type\" content=\"article\" \/>\n<meta property=\"og:title\" content=\"Shirit LED 12V 5050 RGB 14.4W\/m IP20 \u2013 60 LED\/m\" \/>\n<meta property=\"og:description\" content=\"Shirit LED 12V tip 5050 RGB, 14.4W\/m, 60 LED\/m, IP20 p\u00ebr ambiente t\u00eb brendshme. Jep kombinime t\u00eb ndryshme ngjyrash dekorative. Shitet n\u00eb roll 5m, \u00e7mimi \u00ebsht\u00eb p\u00ebr 5 met\u00ebr.\" \/>\n<meta property=\"og:url\" content=\"https:\/\/elektroam.store\/en\/product\/shirit-led-12v-5050-rgb-14-4w-m-ip20-60-led-m\/\" \/>\n<meta property=\"og:site_name\" content=\"ElektroAM - Produkte Elektrike dhe Ndri\u00e7ues LED\" \/>\n<meta property=\"article:publisher\" content=\"https:\/\/www.facebook.com\/Elektroam\" \/>\n<meta property=\"article:modified_time\" content=\"2026-03-11T14:05:32+00:00\" \/>\n<meta property=\"og:image\" content=\"https:\/\/i0.wp.com\/elektroam.store\/wp-content\/uploads\/2025\/09\/shirit-led-5050-rgb-60l-m-ip20.png?fit=700%2C800&ssl=1\" \/>\n\t<meta property=\"og:image:width\" content=\"700\" \/>\n\t<meta property=\"og:image:height\" content=\"800\" \/>\n\t<meta property=\"og:image:type\" content=\"image\/png\" \/>\n<meta name=\"twitter:card\" content=\"summary_large_image\" \/>\n<meta name=\"twitter:label1\" content=\"Est. reading time\" \/>\n\t<meta name=\"twitter:data1\" content=\"1 minute\" \/>\n<script type=\"application\/ld+json\" class=\"yoast-schema-graph\">{\"@context\":\"https:\\\/\\\/schema.org\",\"@graph\":[{\"@type\":\"WebPage\",\"@id\":\"https:\\\/\\\/elektroam.store\\\/product\\\/shirit-led-12v-5050-rgb-14-4w-m-ip20-60-led-m\\\/\",\"url\":\"https:\\\/\\\/elektroam.store\\\/product\\\/shirit-led-12v-5050-rgb-14-4w-m-ip20-60-led-m\\\/\",\"name\":\"Shirit LED 12V 5050 RGB 14.4W\\\/m IP20 \u2013 60 LED\\\/m - ElektroAM - Produkte Elektrike dhe Ndri\u00e7ues LED\",\"isPartOf\":{\"@id\":\"https:\\\/\\\/poy.jhy.mybluehost.me\\\/#website\"},\"primaryImageOfPage\":{\"@id\":\"https:\\\/\\\/elektroam.store\\\/product\\\/shirit-led-12v-5050-rgb-14-4w-m-ip20-60-led-m\\\/#primaryimage\"},\"image\":{\"@id\":\"https:\\\/\\\/elektroam.store\\\/product\\\/shirit-led-12v-5050-rgb-14-4w-m-ip20-60-led-m\\\/#primaryimage\"},\"thumbnailUrl\":\"https:\\\/\\\/i0.wp.com\\\/elektroam.store\\\/wp-content\\\/uploads\\\/2025\\\/09\\\/shirit-led-5050-rgb-60l-m-ip20.png?fit=700%2C800&ssl=1\",\"datePublished\":\"2025-09-02T11:56:48+00:00\",\"dateModified\":\"2026-03-11T14:05:32+00:00\",\"breadcrumb\":{\"@id\":\"https:\\\/\\\/elektroam.store\\\/product\\\/shirit-led-12v-5050-rgb-14-4w-m-ip20-60-led-m\\\/#breadcrumb\"},\"inLanguage\":\"en-US\",\"potentialAction\":[{\"@type\":\"ReadAction\",\"target\":[\"https:\\\/\\\/elektroam.store\\\/product\\\/shirit-led-12v-5050-rgb-14-4w-m-ip20-60-led-m\\\/\"]}]},{\"@type\":\"ImageObject\",\"inLanguage\":\"en-US\",\"@id\":\"https:\\\/\\\/elektroam.store\\\/product\\\/shirit-led-12v-5050-rgb-14-4w-m-ip20-60-led-m\\\/#primaryimage\",\"url\":\"https:\\\/\\\/i0.wp.com\\\/elektroam.store\\\/wp-content\\\/uploads\\\/2025\\\/09\\\/shirit-led-5050-rgb-60l-m-ip20.png?fit=700%2C800&ssl=1\",\"contentUrl\":\"https:\\\/\\\/i0.wp.com\\\/elektroam.store\\\/wp-content\\\/uploads\\\/2025\\\/09\\\/shirit-led-5050-rgb-60l-m-ip20.png?fit=700%2C800&ssl=1\",\"width\":700,\"height\":800,\"caption\":\"shirit led 12v 5050 rgb 14.4w\\\/m ip20 \u2013 60 led\\\/m\"},{\"@type\":\"BreadcrumbList\",\"@id\":\"https:\\\/\\\/elektroam.store\\\/product\\\/shirit-led-12v-5050-rgb-14-4w-m-ip20-60-led-m\\\/#breadcrumb\",\"itemListElement\":[{\"@type\":\"ListItem\",\"position\":1,\"name\":\"Home\",\"item\":\"https:\\\/\\\/elektroam.store\\\/\"},{\"@type\":\"ListItem\",\"position\":2,\"name\":\"Dyqani Online\",\"item\":\"https:\\\/\\\/elektroam.store\\\/shop\\\/\"},{\"@type\":\"ListItem\",\"position\":3,\"name\":\"Shirit LED 12V 5050 RGB 14.4W\\\/m IP20 \u2013 60 LED\\\/m\"}]},{\"@type\":\"WebSite\",\"@id\":\"https:\\\/\\\/poy.jhy.mybluehost.me\\\/#website\",\"url\":\"https:\\\/\\\/poy.jhy.mybluehost.me\\\/\",\"name\":\"ElektroAM - Produkte Elektrike dhe Ndri\u00e7ues LED\",\"description\":\"ElektroAM ofron zgjidhje profesionale p\u00ebr produkte elektrike dhe ndri\u00e7ues LED. Bli online ose vizito dyqanet tona n\u00eb Ferizaj p\u00ebr sh\u00ebrbim t\u00eb shk\u00eblqyer.\",\"publisher\":{\"@id\":\"https:\\\/\\\/poy.jhy.mybluehost.me\\\/#organization\"},\"potentialAction\":[{\"@type\":\"SearchAction\",\"target\":{\"@type\":\"EntryPoint\",\"urlTemplate\":\"https:\\\/\\\/poy.jhy.mybluehost.me\\\/?s={search_term_string}\"},\"query-input\":{\"@type\":\"PropertyValueSpecification\",\"valueRequired\":true,\"valueName\":\"search_term_string\"}}],\"inLanguage\":\"en-US\"},{\"@type\":\"Organization\",\"@id\":\"https:\\\/\\\/poy.jhy.mybluehost.me\\\/#organization\",\"name\":\"ElektroAM - Produkte Elektrike dhe Ndri\u00e7ues LED\",\"url\":\"https:\\\/\\\/poy.jhy.mybluehost.me\\\/\",\"logo\":{\"@type\":\"ImageObject\",\"inLanguage\":\"en-US\",\"@id\":\"https:\\\/\\\/poy.jhy.mybluehost.me\\\/#\\\/schema\\\/logo\\\/image\\\/\",\"url\":\"https:\\\/\\\/i0.wp.com\\\/elektroam.store\\\/wp-content\\\/uploads\\\/2025\\\/07\\\/Logo.jpg?fit=1600%2C228&ssl=1\",\"contentUrl\":\"https:\\\/\\\/i0.wp.com\\\/elektroam.store\\\/wp-content\\\/uploads\\\/2025\\\/07\\\/Logo.jpg?fit=1600%2C228&ssl=1\",\"width\":1600,\"height\":228,\"caption\":\"ElektroAM - Produkte Elektrike dhe Ndri\u00e7ues LED\"},\"image\":{\"@id\":\"https:\\\/\\\/poy.jhy.mybluehost.me\\\/#\\\/schema\\\/logo\\\/image\\\/\"},\"sameAs\":[\"https:\\\/\\\/www.facebook.com\\\/Elektroam\",\"https:\\\/\\\/www.instagram.com\\\/elektroam\\\/\"]}]}<\/script>\n<!-- \/ Yoast SEO Premium plugin. -->","yoast_head_json":{"title":"Shirit LED 12V 5050 RGB 14.4W\/m IP20 \u2013 60 LED\/m - ElektroAM - Produkte Elektrike dhe Ndri\u00e7ues LED","robots":{"index":"index","follow":"follow","max-snippet":"max-snippet:-1","max-image-preview":"max-image-preview:large","max-video-preview":"max-video-preview:-1"},"canonical":"https:\/\/elektroam.store\/en\/product\/shirit-led-12v-5050-rgb-14-4w-m-ip20-60-led-m\/","og_locale":"en_US","og_type":"article","og_title":"Shirit LED 12V 5050 RGB 14.4W\/m IP20 \u2013 60 LED\/m","og_description":"Shirit LED 12V tip 5050 RGB, 14.4W\/m, 60 LED\/m, IP20 p\u00ebr ambiente t\u00eb brendshme. Jep kombinime t\u00eb ndryshme ngjyrash dekorative. Shitet n\u00eb roll 5m, \u00e7mimi \u00ebsht\u00eb p\u00ebr 5 met\u00ebr.","og_url":"https:\/\/elektroam.store\/en\/product\/shirit-led-12v-5050-rgb-14-4w-m-ip20-60-led-m\/","og_site_name":"ElektroAM - Produkte Elektrike dhe Ndri\u00e7ues LED","article_publisher":"https:\/\/www.facebook.com\/Elektroam","article_modified_time":"2026-03-11T14:05:32+00:00","og_image":[{"width":700,"height":800,"url":"https:\/\/i0.wp.com\/elektroam.store\/wp-content\/uploads\/2025\/09\/shirit-led-5050-rgb-60l-m-ip20.png?fit=700%2C800&ssl=1","type":"image\/png"}],"twitter_card":"summary_large_image","twitter_misc":{"Est. reading time":"1 minute"},"schema":{"@context":"https:\/\/schema.org","@graph":[{"@type":"WebPage","@id":"https:\/\/elektroam.store\/product\/shirit-led-12v-5050-rgb-14-4w-m-ip20-60-led-m\/","url":"https:\/\/elektroam.store\/product\/shirit-led-12v-5050-rgb-14-4w-m-ip20-60-led-m\/","name":"Shirit LED 12V 5050 RGB 14.4W\/m IP20 \u2013 60 LED\/m - ElektroAM - Produkte Elektrike dhe Ndri\u00e7ues LED","isPartOf":{"@id":"https:\/\/poy.jhy.mybluehost.me\/#website"},"primaryImageOfPage":{"@id":"https:\/\/elektroam.store\/product\/shirit-led-12v-5050-rgb-14-4w-m-ip20-60-led-m\/#primaryimage"},"image":{"@id":"https:\/\/elektroam.store\/product\/shirit-led-12v-5050-rgb-14-4w-m-ip20-60-led-m\/#primaryimage"},"thumbnailUrl":"https:\/\/i0.wp.com\/elektroam.store\/wp-content\/uploads\/2025\/09\/shirit-led-5050-rgb-60l-m-ip20.png?fit=700%2C800&ssl=1","datePublished":"2025-09-02T11:56:48+00:00","dateModified":"2026-03-11T14:05:32+00:00","breadcrumb":{"@id":"https:\/\/elektroam.store\/product\/shirit-led-12v-5050-rgb-14-4w-m-ip20-60-led-m\/#breadcrumb"},"inLanguage":"en-US","potentialAction":[{"@type":"ReadAction","target":["https:\/\/elektroam.store\/product\/shirit-led-12v-5050-rgb-14-4w-m-ip20-60-led-m\/"]}]},{"@type":"ImageObject","inLanguage":"en-US","@id":"https:\/\/elektroam.store\/product\/shirit-led-12v-5050-rgb-14-4w-m-ip20-60-led-m\/#primaryimage","url":"https:\/\/i0.wp.com\/elektroam.store\/wp-content\/uploads\/2025\/09\/shirit-led-5050-rgb-60l-m-ip20.png?fit=700%2C800&ssl=1","contentUrl":"https:\/\/i0.wp.com\/elektroam.store\/wp-content\/uploads\/2025\/09\/shirit-led-5050-rgb-60l-m-ip20.png?fit=700%2C800&ssl=1","width":700,"height":800,"caption":"shirit led 12v 5050 rgb 14.4w\/m ip20 \u2013 60 led\/m"},{"@type":"BreadcrumbList","@id":"https:\/\/elektroam.store\/product\/shirit-led-12v-5050-rgb-14-4w-m-ip20-60-led-m\/#breadcrumb","itemListElement":[{"@type":"ListItem","position":1,"name":"Home","item":"https:\/\/elektroam.store\/"},{"@type":"ListItem","position":2,"name":"Dyqani Online","item":"https:\/\/elektroam.store\/shop\/"},{"@type":"ListItem","position":3,"name":"Shirit LED 12V 5050 RGB 14.4W\/m IP20 \u2013 60 LED\/m"}]},{"@type":"WebSite","@id":"https:\/\/poy.jhy.mybluehost.me\/#website","url":"https:\/\/poy.jhy.mybluehost.me\/","name":"ElektroAM \u2013 Electrical Products and LED Lighting","description":"ElektroAM ofron zgjidhje profesionale p\u00ebr produkte elektrike dhe ndri\u00e7ues LED. Bli online ose vizito dyqanet tona n\u00eb Ferizaj p\u00ebr sh\u00ebrbim t\u00eb shk\u00eblqyer.","publisher":{"@id":"https:\/\/poy.jhy.mybluehost.me\/#organization"},"potentialAction":[{"@type":"SearchAction","target":{"@type":"EntryPoint","urlTemplate":"https:\/\/poy.jhy.mybluehost.me\/?s={search_term_string}"},"query-input":{"@type":"PropertyValueSpecification","valueRequired":true,"valueName":"search_term_string"}}],"inLanguage":"en-US"},{"@type":"Organization","@id":"https:\/\/poy.jhy.mybluehost.me\/#organization","name":"ElektroAM \u2013 Electrical Products and LED Lighting","url":"https:\/\/poy.jhy.mybluehost.me\/","logo":{"@type":"ImageObject","inLanguage":"en-US","@id":"https:\/\/poy.jhy.mybluehost.me\/#\/schema\/logo\/image\/","url":"https:\/\/i0.wp.com\/elektroam.store\/wp-content\/uploads\/2025\/07\/Logo.jpg?fit=1600%2C228&ssl=1","contentUrl":"https:\/\/i0.wp.com\/elektroam.store\/wp-content\/uploads\/2025\/07\/Logo.jpg?fit=1600%2C228&ssl=1","width":1600,"height":228,"caption":"ElektroAM - Produkte Elektrike dhe Ndri\u00e7ues LED"},"image":{"@id":"https:\/\/poy.jhy.mybluehost.me\/#\/schema\/logo\/image\/"},"sameAs":["https:\/\/www.facebook.com\/Elektroam","https:\/\/www.instagram.com\/elektroam\/"]}]}},"jetpack_sharing_enabled":true,"_links":{"self":[{"href":"https:\/\/elektroam.store\/en\/wp-json\/wp\/v2\/product\/4240","targetHints":{"allow":["GET"]}}],"collection":[{"href":"https:\/\/elektroam.store\/en\/wp-json\/wp\/v2\/product"}],"about":[{"href":"https:\/\/elektroam.store\/en\/wp-json\/wp\/v2\/types\/product"}],"wp:featuredmedia":[{"embeddable":true,"href":"https:\/\/elektroam.store\/en\/wp-json\/wp\/v2\/media\/4242"}],"wp:attachment":[{"href":"https:\/\/elektroam.store\/en\/wp-json\/wp\/v2\/media?parent=4240"}],"wp:term":[{"taxonomy":"product_brand","embeddable":true,"href":"https:\/\/elektroam.store\/en\/wp-json\/wp\/v2\/product_brand?post=4240"},{"taxonomy":"product_cat","embeddable":true,"href":"https:\/\/elektroam.store\/en\/wp-json\/wp\/v2\/product_cat?post=4240"},{"taxonomy":"product_tag","embeddable":true,"href":"https:\/\/elektroam.store\/en\/wp-json\/wp\/v2\/product_tag?post=4240"}],"curies":[{"name":"wp","href":"https:\/\/api.w.org\/{rel}","templated":true}]}}