{"id":4732,"date":"2025-09-11T13:27:04","date_gmt":"2025-09-11T13:27:04","guid":{"rendered":"https:\/\/elektroam.store\/?post_type=product&#038;p=4732"},"modified":"2026-03-31T16:21:00","modified_gmt":"2026-03-31T16:21:00","slug":"ndricues-plafoni-led-rgb-40-cm-me-bluetooth-dhe-aplikacion-mobil","status":"publish","type":"product","link":"https:\/\/elektroam.store\/en\/product\/ndricues-plafoni-led-rgb-40-cm-me-bluetooth-dhe-aplikacion-mobil\/","title":{"rendered":"Ndri\u00e7ues plafoni LED RGB \u2013 40 cm, me Bluetooth dhe aplikacion mobil"},"content":{"rendered":"<p>P\u00ebrdorimi kryesor: Ndri\u00e7im dekorativ p\u00ebr dhoma gjumi, dhoma dite, zyra apo ambiente rinore me mund\u00ebsi personalizimi t\u00eb drit\u00ebs dhe muzik\u00ebs.<\/p>\n<p>Burimi i drit\u00ebs: LED i integruar me 3 ngjyra standarde (3000K e ngroht\u00eb, 4000K neutrale, 6000K e bardh\u00eb e ftoht\u00eb) + RGB me 256 kombinime ngjyrash.<\/p>\n<p>Funksione shtes\u00eb:<\/p>\n<p>Kontroll p\u00ebrmes aplikacionit n\u00eb telefon (Android\/iOS)<\/p>\n<p>Lidhje Bluetooth p\u00ebr muzik\u00eb (altoparlant i integruar)<\/p>\n<p>Nd\u00ebrrim i ngjyrave dhe intensitetit sipas d\u00ebshir\u00ebs<\/p>\n<p>Materiali: Struktur\u00eb plastike rezistente me difuzor dekorativ kristalor.<\/p>\n<p>M\u00ebnyra e montimit: Montim i drejtp\u00ebrdrejt\u00eb n\u00eb tavan.<\/p>\n<p>Dimensionet: Diamet\u00ebr 40 cm.<\/p>\n<p>Ngjyra: E bardh\u00eb me efekt dekorativ kristal transparent.<\/p>\n<p>Karakteristika t\u00eb ve\u00e7anta: Ndri\u00e7im RGB i personalizuar, lidhje me smartphone, opsion muzikor p\u00ebr atmosfer\u00eb moderne dhe festive.<\/p>","protected":false},"excerpt":{"rendered":"<p>Ndri\u00e7ues LED plafoni 40 cm me opsione RGB + 3 ngjyra ndri\u00e7imi, kontroll p\u00ebrmes aplikacionit n\u00eb telefon dhe lidhje Bluetooth me muzik\u00eb ( E17 )<\/p>","protected":false},"featured_media":4734,"template":"","meta":{"om_disable_all_campaigns":false,"_monsterinsights_skip_tracking":false,"_monsterinsights_sitenote_active":false,"_monsterinsights_sitenote_note":"","_monsterinsights_sitenote_category":0,"site-sidebar-layout":"default","site-content-layout":"","ast-site-content-layout":"default","site-content-style":"default","site-sidebar-style":"default","ast-global-header-display":"","ast-banner-title-visibility":"","ast-main-header-display":"","ast-hfb-above-header-display":"","ast-hfb-below-header-display":"","ast-hfb-mobile-header-display":"","site-post-title":"","ast-breadcrumbs-content":"","ast-featured-img":"","footer-sml-layout":"","ast-disable-related-posts":"","theme-transparent-header-meta":"default","adv-header-id-meta":"","stick-header-meta":"","header-above-stick-meta":"","header-main-stick-meta":"","header-below-stick-meta":"","astra-migrate-meta-layouts":"set","ast-page-background-enabled":"default","ast-page-background-meta":{"desktop":{"background-color":"var(--ast-global-color-4)","background-image":"","background-repeat":"repeat","background-position":"center center","background-size":"auto","background-attachment":"scroll","background-type":"","background-media":"","overlay-type":"","overlay-color":"","overlay-opacity":"","overlay-gradient":""},"tablet":{"background-color":"","background-image":"","background-repeat":"repeat","background-position":"center center","background-size":"auto","background-attachment":"scroll","background-type":"","background-media":"","overlay-type":"","overlay-color":"","overlay-opacity":"","overlay-gradient":""},"mobile":{"background-color":"","background-image":"","background-repeat":"repeat","background-position":"center center","background-size":"auto","background-attachment":"scroll","background-type":"","background-media":"","overlay-type":"","overlay-color":"","overlay-opacity":"","overlay-gradient":""}},"ast-content-background-meta":{"desktop":{"background-color":"var(--ast-global-color-5)","background-image":"","background-repeat":"repeat","background-position":"center center","background-size":"auto","background-attachment":"scroll","background-type":"","background-media":"","overlay-type":"","overlay-color":"","overlay-opacity":"","overlay-gradient":""},"tablet":{"background-color":"var(--ast-global-color-5)","background-image":"","background-repeat":"repeat","background-position":"center center","background-size":"auto","background-attachment":"scroll","background-type":"","background-media":"","overlay-type":"","overlay-color":"","overlay-opacity":"","overlay-gradient":""},"mobile":{"background-color":"var(--ast-global-color-5)","background-image":"","background-repeat":"repeat","background-position":"center center","background-size":"auto","background-attachment":"scroll","background-type":"","background-media":"","overlay-type":"","overlay-color":"","overlay-opacity":"","overlay-gradient":""}}},"product_brand":[],"product_cat":[124],"product_tag":[79,205],"class_list":{"0":"post-4732","1":"product","2":"type-product","3":"status-publish","4":"has-post-thumbnail","6":"product_cat-ndricues-pllafoni","7":"product_tag-led","8":"product_tag-marketplace","9":"desktop-align-left","10":"tablet-align-left","11":"mobile-align-left","13":"first","14":"instock","15":"shipping-taxable","16":"purchasable","17":"product-type-simple"},"yoast_head":"<!-- This site is optimized with the Yoast SEO Premium plugin v27.3 (Yoast SEO v27.3) - https:\/\/yoast.com\/product\/yoast-seo-premium-wordpress\/ -->\n<title>Ndri\u00e7ues plafoni LED RGB \u2013 40 cm, me Bluetooth dhe aplikacion mobil - ElektroAM - Produkte Elektrike dhe Ndri\u00e7ues LED<\/title>\n<meta name=\"robots\" content=\"index, follow, max-snippet:-1, max-image-preview:large, max-video-preview:-1\" \/>\n<link rel=\"canonical\" href=\"https:\/\/elektroam.store\/en\/product\/ndricues-plafoni-led-rgb-40-cm-me-bluetooth-dhe-aplikacion-mobil\/\" \/>\n<meta property=\"og:locale\" content=\"en_US\" \/>\n<meta property=\"og:type\" content=\"article\" \/>\n<meta property=\"og:title\" content=\"Ndri\u00e7ues plafoni LED RGB \u2013 40 cm, me Bluetooth dhe aplikacion mobil\" \/>\n<meta property=\"og:description\" content=\"Ndri\u00e7ues LED plafoni 40 cm me opsione RGB + 3 ngjyra ndri\u00e7imi, kontroll p\u00ebrmes aplikacionit n\u00eb telefon dhe lidhje Bluetooth me muzik\u00eb ( E17 )\" \/>\n<meta property=\"og:url\" content=\"https:\/\/elektroam.store\/en\/product\/ndricues-plafoni-led-rgb-40-cm-me-bluetooth-dhe-aplikacion-mobil\/\" \/>\n<meta property=\"og:site_name\" content=\"ElektroAM - Produkte Elektrike dhe Ndri\u00e7ues LED\" \/>\n<meta property=\"article:publisher\" content=\"https:\/\/www.facebook.com\/Elektroam\" \/>\n<meta property=\"article:modified_time\" content=\"2026-03-31T16:21:00+00:00\" \/>\n<meta property=\"og:image\" content=\"https:\/\/i0.wp.com\/elektroam.store\/wp-content\/uploads\/2025\/09\/120427285_3765104373523229_3308459576821986858_n.jpg?fit=400%2C400&ssl=1\" \/>\n\t<meta property=\"og:image:width\" content=\"400\" \/>\n\t<meta property=\"og:image:height\" content=\"400\" \/>\n\t<meta property=\"og:image:type\" content=\"image\/jpeg\" \/>\n<meta name=\"twitter:card\" content=\"summary_large_image\" \/>\n<meta name=\"twitter:label1\" content=\"Est. reading time\" \/>\n\t<meta name=\"twitter:data1\" content=\"1 minute\" \/>\n<script type=\"application\/ld+json\" class=\"yoast-schema-graph\">{\"@context\":\"https:\\\/\\\/schema.org\",\"@graph\":[{\"@type\":\"WebPage\",\"@id\":\"https:\\\/\\\/elektroam.store\\\/product\\\/ndricues-plafoni-led-rgb-40-cm-me-bluetooth-dhe-aplikacion-mobil\\\/\",\"url\":\"https:\\\/\\\/elektroam.store\\\/product\\\/ndricues-plafoni-led-rgb-40-cm-me-bluetooth-dhe-aplikacion-mobil\\\/\",\"name\":\"Ndri\u00e7ues plafoni LED RGB \u2013 40 cm, me Bluetooth dhe aplikacion mobil - ElektroAM - Produkte Elektrike dhe Ndri\u00e7ues LED\",\"isPartOf\":{\"@id\":\"https:\\\/\\\/poy.jhy.mybluehost.me\\\/#website\"},\"primaryImageOfPage\":{\"@id\":\"https:\\\/\\\/elektroam.store\\\/product\\\/ndricues-plafoni-led-rgb-40-cm-me-bluetooth-dhe-aplikacion-mobil\\\/#primaryimage\"},\"image\":{\"@id\":\"https:\\\/\\\/elektroam.store\\\/product\\\/ndricues-plafoni-led-rgb-40-cm-me-bluetooth-dhe-aplikacion-mobil\\\/#primaryimage\"},\"thumbnailUrl\":\"https:\\\/\\\/i0.wp.com\\\/elektroam.store\\\/wp-content\\\/uploads\\\/2025\\\/09\\\/120427285_3765104373523229_3308459576821986858_n.jpg?fit=400%2C400&ssl=1\",\"datePublished\":\"2025-09-11T13:27:04+00:00\",\"dateModified\":\"2026-03-31T16:21:00+00:00\",\"breadcrumb\":{\"@id\":\"https:\\\/\\\/elektroam.store\\\/product\\\/ndricues-plafoni-led-rgb-40-cm-me-bluetooth-dhe-aplikacion-mobil\\\/#breadcrumb\"},\"inLanguage\":\"en-US\",\"potentialAction\":[{\"@type\":\"ReadAction\",\"target\":[\"https:\\\/\\\/elektroam.store\\\/product\\\/ndricues-plafoni-led-rgb-40-cm-me-bluetooth-dhe-aplikacion-mobil\\\/\"]}]},{\"@type\":\"ImageObject\",\"inLanguage\":\"en-US\",\"@id\":\"https:\\\/\\\/elektroam.store\\\/product\\\/ndricues-plafoni-led-rgb-40-cm-me-bluetooth-dhe-aplikacion-mobil\\\/#primaryimage\",\"url\":\"https:\\\/\\\/i0.wp.com\\\/elektroam.store\\\/wp-content\\\/uploads\\\/2025\\\/09\\\/120427285_3765104373523229_3308459576821986858_n.jpg?fit=400%2C400&ssl=1\",\"contentUrl\":\"https:\\\/\\\/i0.wp.com\\\/elektroam.store\\\/wp-content\\\/uploads\\\/2025\\\/09\\\/120427285_3765104373523229_3308459576821986858_n.jpg?fit=400%2C400&ssl=1\",\"width\":400,\"height\":400,\"caption\":\"ndri\u00e7ues plafoni led rgb \u2013 40 cm, me bluetooth dhe aplikacion mobil\"},{\"@type\":\"BreadcrumbList\",\"@id\":\"https:\\\/\\\/elektroam.store\\\/product\\\/ndricues-plafoni-led-rgb-40-cm-me-bluetooth-dhe-aplikacion-mobil\\\/#breadcrumb\",\"itemListElement\":[{\"@type\":\"ListItem\",\"position\":1,\"name\":\"Home\",\"item\":\"https:\\\/\\\/elektroam.store\\\/\"},{\"@type\":\"ListItem\",\"position\":2,\"name\":\"Dyqani Online\",\"item\":\"https:\\\/\\\/elektroam.store\\\/shop\\\/\"},{\"@type\":\"ListItem\",\"position\":3,\"name\":\"Ndri\u00e7ues plafoni LED RGB \u2013 40 cm, me Bluetooth dhe aplikacion mobil\"}]},{\"@type\":\"WebSite\",\"@id\":\"https:\\\/\\\/poy.jhy.mybluehost.me\\\/#website\",\"url\":\"https:\\\/\\\/poy.jhy.mybluehost.me\\\/\",\"name\":\"ElektroAM - Produkte Elektrike dhe Ndri\u00e7ues LED\",\"description\":\"ElektroAM ofron zgjidhje profesionale p\u00ebr produkte elektrike dhe ndri\u00e7ues LED. Bli online ose vizito dyqanet tona n\u00eb Ferizaj p\u00ebr sh\u00ebrbim t\u00eb shk\u00eblqyer.\",\"publisher\":{\"@id\":\"https:\\\/\\\/poy.jhy.mybluehost.me\\\/#organization\"},\"potentialAction\":[{\"@type\":\"SearchAction\",\"target\":{\"@type\":\"EntryPoint\",\"urlTemplate\":\"https:\\\/\\\/poy.jhy.mybluehost.me\\\/?s={search_term_string}\"},\"query-input\":{\"@type\":\"PropertyValueSpecification\",\"valueRequired\":true,\"valueName\":\"search_term_string\"}}],\"inLanguage\":\"en-US\"},{\"@type\":\"Organization\",\"@id\":\"https:\\\/\\\/poy.jhy.mybluehost.me\\\/#organization\",\"name\":\"ElektroAM - Produkte Elektrike dhe Ndri\u00e7ues LED\",\"url\":\"https:\\\/\\\/poy.jhy.mybluehost.me\\\/\",\"logo\":{\"@type\":\"ImageObject\",\"inLanguage\":\"en-US\",\"@id\":\"https:\\\/\\\/poy.jhy.mybluehost.me\\\/#\\\/schema\\\/logo\\\/image\\\/\",\"url\":\"https:\\\/\\\/i0.wp.com\\\/elektroam.store\\\/wp-content\\\/uploads\\\/2025\\\/07\\\/Logo.jpg?fit=1600%2C228&ssl=1\",\"contentUrl\":\"https:\\\/\\\/i0.wp.com\\\/elektroam.store\\\/wp-content\\\/uploads\\\/2025\\\/07\\\/Logo.jpg?fit=1600%2C228&ssl=1\",\"width\":1600,\"height\":228,\"caption\":\"ElektroAM - Produkte Elektrike dhe Ndri\u00e7ues LED\"},\"image\":{\"@id\":\"https:\\\/\\\/poy.jhy.mybluehost.me\\\/#\\\/schema\\\/logo\\\/image\\\/\"},\"sameAs\":[\"https:\\\/\\\/www.facebook.com\\\/Elektroam\",\"https:\\\/\\\/www.instagram.com\\\/elektroam\\\/\"]}]}<\/script>\n<!-- \/ Yoast SEO Premium plugin. -->","yoast_head_json":{"title":"Ndri\u00e7ues plafoni LED RGB \u2013 40 cm, me Bluetooth dhe aplikacion mobil - ElektroAM - Produkte Elektrike dhe Ndri\u00e7ues LED","robots":{"index":"index","follow":"follow","max-snippet":"max-snippet:-1","max-image-preview":"max-image-preview:large","max-video-preview":"max-video-preview:-1"},"canonical":"https:\/\/elektroam.store\/en\/product\/ndricues-plafoni-led-rgb-40-cm-me-bluetooth-dhe-aplikacion-mobil\/","og_locale":"en_US","og_type":"article","og_title":"Ndri\u00e7ues plafoni LED RGB \u2013 40 cm, me Bluetooth dhe aplikacion mobil","og_description":"Ndri\u00e7ues LED plafoni 40 cm me opsione RGB + 3 ngjyra ndri\u00e7imi, kontroll p\u00ebrmes aplikacionit n\u00eb telefon dhe lidhje Bluetooth me muzik\u00eb ( E17 )","og_url":"https:\/\/elektroam.store\/en\/product\/ndricues-plafoni-led-rgb-40-cm-me-bluetooth-dhe-aplikacion-mobil\/","og_site_name":"ElektroAM - Produkte Elektrike dhe Ndri\u00e7ues LED","article_publisher":"https:\/\/www.facebook.com\/Elektroam","article_modified_time":"2026-03-31T16:21:00+00:00","og_image":[{"width":400,"height":400,"url":"https:\/\/i0.wp.com\/elektroam.store\/wp-content\/uploads\/2025\/09\/120427285_3765104373523229_3308459576821986858_n.jpg?fit=400%2C400&ssl=1","type":"image\/jpeg"}],"twitter_card":"summary_large_image","twitter_misc":{"Est. reading time":"1 minute"},"schema":{"@context":"https:\/\/schema.org","@graph":[{"@type":"WebPage","@id":"https:\/\/elektroam.store\/product\/ndricues-plafoni-led-rgb-40-cm-me-bluetooth-dhe-aplikacion-mobil\/","url":"https:\/\/elektroam.store\/product\/ndricues-plafoni-led-rgb-40-cm-me-bluetooth-dhe-aplikacion-mobil\/","name":"Ndri\u00e7ues plafoni LED RGB \u2013 40 cm, me Bluetooth dhe aplikacion mobil - ElektroAM - Produkte Elektrike dhe Ndri\u00e7ues LED","isPartOf":{"@id":"https:\/\/poy.jhy.mybluehost.me\/#website"},"primaryImageOfPage":{"@id":"https:\/\/elektroam.store\/product\/ndricues-plafoni-led-rgb-40-cm-me-bluetooth-dhe-aplikacion-mobil\/#primaryimage"},"image":{"@id":"https:\/\/elektroam.store\/product\/ndricues-plafoni-led-rgb-40-cm-me-bluetooth-dhe-aplikacion-mobil\/#primaryimage"},"thumbnailUrl":"https:\/\/i0.wp.com\/elektroam.store\/wp-content\/uploads\/2025\/09\/120427285_3765104373523229_3308459576821986858_n.jpg?fit=400%2C400&ssl=1","datePublished":"2025-09-11T13:27:04+00:00","dateModified":"2026-03-31T16:21:00+00:00","breadcrumb":{"@id":"https:\/\/elektroam.store\/product\/ndricues-plafoni-led-rgb-40-cm-me-bluetooth-dhe-aplikacion-mobil\/#breadcrumb"},"inLanguage":"en-US","potentialAction":[{"@type":"ReadAction","target":["https:\/\/elektroam.store\/product\/ndricues-plafoni-led-rgb-40-cm-me-bluetooth-dhe-aplikacion-mobil\/"]}]},{"@type":"ImageObject","inLanguage":"en-US","@id":"https:\/\/elektroam.store\/product\/ndricues-plafoni-led-rgb-40-cm-me-bluetooth-dhe-aplikacion-mobil\/#primaryimage","url":"https:\/\/i0.wp.com\/elektroam.store\/wp-content\/uploads\/2025\/09\/120427285_3765104373523229_3308459576821986858_n.jpg?fit=400%2C400&ssl=1","contentUrl":"https:\/\/i0.wp.com\/elektroam.store\/wp-content\/uploads\/2025\/09\/120427285_3765104373523229_3308459576821986858_n.jpg?fit=400%2C400&ssl=1","width":400,"height":400,"caption":"ndri\u00e7ues plafoni led rgb \u2013 40 cm, me bluetooth dhe aplikacion mobil"},{"@type":"BreadcrumbList","@id":"https:\/\/elektroam.store\/product\/ndricues-plafoni-led-rgb-40-cm-me-bluetooth-dhe-aplikacion-mobil\/#breadcrumb","itemListElement":[{"@type":"ListItem","position":1,"name":"Home","item":"https:\/\/elektroam.store\/"},{"@type":"ListItem","position":2,"name":"Dyqani Online","item":"https:\/\/elektroam.store\/shop\/"},{"@type":"ListItem","position":3,"name":"Ndri\u00e7ues plafoni LED RGB \u2013 40 cm, me Bluetooth dhe aplikacion mobil"}]},{"@type":"WebSite","@id":"https:\/\/poy.jhy.mybluehost.me\/#website","url":"https:\/\/poy.jhy.mybluehost.me\/","name":"ElektroAM \u2013 Electrical Products and LED Lighting","description":"ElektroAM ofron zgjidhje profesionale p\u00ebr produkte elektrike dhe ndri\u00e7ues LED. Bli online ose vizito dyqanet tona n\u00eb Ferizaj p\u00ebr sh\u00ebrbim t\u00eb shk\u00eblqyer.","publisher":{"@id":"https:\/\/poy.jhy.mybluehost.me\/#organization"},"potentialAction":[{"@type":"SearchAction","target":{"@type":"EntryPoint","urlTemplate":"https:\/\/poy.jhy.mybluehost.me\/?s={search_term_string}"},"query-input":{"@type":"PropertyValueSpecification","valueRequired":true,"valueName":"search_term_string"}}],"inLanguage":"en-US"},{"@type":"Organization","@id":"https:\/\/poy.jhy.mybluehost.me\/#organization","name":"ElektroAM \u2013 Electrical Products and LED Lighting","url":"https:\/\/poy.jhy.mybluehost.me\/","logo":{"@type":"ImageObject","inLanguage":"en-US","@id":"https:\/\/poy.jhy.mybluehost.me\/#\/schema\/logo\/image\/","url":"https:\/\/i0.wp.com\/elektroam.store\/wp-content\/uploads\/2025\/07\/Logo.jpg?fit=1600%2C228&ssl=1","contentUrl":"https:\/\/i0.wp.com\/elektroam.store\/wp-content\/uploads\/2025\/07\/Logo.jpg?fit=1600%2C228&ssl=1","width":1600,"height":228,"caption":"ElektroAM - Produkte Elektrike dhe Ndri\u00e7ues LED"},"image":{"@id":"https:\/\/poy.jhy.mybluehost.me\/#\/schema\/logo\/image\/"},"sameAs":["https:\/\/www.facebook.com\/Elektroam","https:\/\/www.instagram.com\/elektroam\/"]}]}},"jetpack_sharing_enabled":true,"_links":{"self":[{"href":"https:\/\/elektroam.store\/en\/wp-json\/wp\/v2\/product\/4732","targetHints":{"allow":["GET"]}}],"collection":[{"href":"https:\/\/elektroam.store\/en\/wp-json\/wp\/v2\/product"}],"about":[{"href":"https:\/\/elektroam.store\/en\/wp-json\/wp\/v2\/types\/product"}],"wp:featuredmedia":[{"embeddable":true,"href":"https:\/\/elektroam.store\/en\/wp-json\/wp\/v2\/media\/4734"}],"wp:attachment":[{"href":"https:\/\/elektroam.store\/en\/wp-json\/wp\/v2\/media?parent=4732"}],"wp:term":[{"taxonomy":"product_brand","embeddable":true,"href":"https:\/\/elektroam.store\/en\/wp-json\/wp\/v2\/product_brand?post=4732"},{"taxonomy":"product_cat","embeddable":true,"href":"https:\/\/elektroam.store\/en\/wp-json\/wp\/v2\/product_cat?post=4732"},{"taxonomy":"product_tag","embeddable":true,"href":"https:\/\/elektroam.store\/en\/wp-json\/wp\/v2\/product_tag?post=4732"}],"curies":[{"name":"wp","href":"https:\/\/api.w.org\/{rel}","templated":true}]}}