{"id":7040,"date":"2026-01-09T11:03:15","date_gmt":"2026-01-09T11:03:15","guid":{"rendered":"https:\/\/elektroam.store\/?post_type=product&#038;p=7040"},"modified":"2026-03-11T11:16:45","modified_gmt":"2026-03-11T11:16:45","slug":"papuqe-kabllovike-me-pres-al-cu-150-10","status":"publish","type":"product","link":"https:\/\/elektroam.store\/en\/product\/papuqe-kabllovike-me-pres-al-cu-150-10\/","title":{"rendered":"PAPUQE KABLLOVIKE ME PRES AL\/CU 150\/10"},"content":{"rendered":"<p>Papuqja kabllovike AL\/CU 150\/10 p\u00ebrdoret p\u00ebr lidhjen e kabllove alumini me pajisje ose terminale bakri n\u00eb panele shp\u00ebrndar\u00ebse dhe instalime elektrike profesionale.<\/p>\n<p>Lidhje e q\u00ebndrueshme p\u00ebrmes presimit profesional<\/p>\n<p>Zvog\u00eblon oksidimin midis aluminit dhe bakrit<\/p>\n<p>Siguron kontakt elektrik t\u00eb fort\u00eb dhe jet\u00ebgjat\u00ebsi<\/p>\n<p>E p\u00ebrshtatshme p\u00ebr instalime rezidenciale, komerciale dhe industriale<\/p>","protected":false},"excerpt":{"rendered":"<p>Papuqe kabllovike AL\/CU p\u00ebr presim, p\u00ebr kabllo 150 mm\u00b2 me vrim\u00eb lidhjeje \u00d810 mm, e projektuar p\u00ebr lidhje t\u00eb sigurta t\u00eb kabllove alumini me pajisje bakri.<\/p>\n<p>Papuqe kabllovike AlCu 150\/10, tip kompresiv (me presim), p\u00ebr lidhje t\u00eb besueshme alumin\u2013bak\u00ebr n\u00eb instalime elektrike profesionale.<\/p>","protected":false},"featured_media":7017,"template":"","meta":{"om_disable_all_campaigns":false,"_monsterinsights_skip_tracking":false,"_monsterinsights_sitenote_active":false,"_monsterinsights_sitenote_note":"","_monsterinsights_sitenote_category":0,"site-sidebar-layout":"default","site-content-layout":"","ast-site-content-layout":"default","site-content-style":"default","site-sidebar-style":"default","ast-global-header-display":"","ast-banner-title-visibility":"","ast-main-header-display":"","ast-hfb-above-header-display":"","ast-hfb-below-header-display":"","ast-hfb-mobile-header-display":"","site-post-title":"","ast-breadcrumbs-content":"","ast-featured-img":"","footer-sml-layout":"","ast-disable-related-posts":"","theme-transparent-header-meta":"default","adv-header-id-meta":"","stick-header-meta":"","header-above-stick-meta":"","header-main-stick-meta":"","header-below-stick-meta":"","astra-migrate-meta-layouts":"set","ast-page-background-enabled":"default","ast-page-background-meta":{"desktop":{"background-color":"var(--ast-global-color-4)","background-image":"","background-repeat":"repeat","background-position":"center center","background-size":"auto","background-attachment":"scroll","background-type":"","background-media":"","overlay-type":"","overlay-color":"","overlay-opacity":"","overlay-gradient":""},"tablet":{"background-color":"","background-image":"","background-repeat":"repeat","background-position":"center center","background-size":"auto","background-attachment":"scroll","background-type":"","background-media":"","overlay-type":"","overlay-color":"","overlay-opacity":"","overlay-gradient":""},"mobile":{"background-color":"","background-image":"","background-repeat":"repeat","background-position":"center center","background-size":"auto","background-attachment":"scroll","background-type":"","background-media":"","overlay-type":"","overlay-color":"","overlay-opacity":"","overlay-gradient":""}},"ast-content-background-meta":{"desktop":{"background-color":"var(--ast-global-color-5)","background-image":"","background-repeat":"repeat","background-position":"center center","background-size":"auto","background-attachment":"scroll","background-type":"","background-media":"","overlay-type":"","overlay-color":"","overlay-opacity":"","overlay-gradient":""},"tablet":{"background-color":"var(--ast-global-color-5)","background-image":"","background-repeat":"repeat","background-position":"center center","background-size":"auto","background-attachment":"scroll","background-type":"","background-media":"","overlay-type":"","overlay-color":"","overlay-opacity":"","overlay-gradient":""},"mobile":{"background-color":"var(--ast-global-color-5)","background-image":"","background-repeat":"repeat","background-position":"center center","background-size":"auto","background-attachment":"scroll","background-type":"","background-media":"","overlay-type":"","overlay-color":"","overlay-opacity":"","overlay-gradient":""}}},"product_brand":[159],"product_cat":[164],"product_tag":[205,162],"class_list":{"0":"post-7040","1":"product","2":"type-product","3":"status-publish","4":"has-post-thumbnail","6":"product_brand-plamen","7":"product_cat-papuqe-kabllovike-me-pres-al-cu","8":"product_tag-marketplace","9":"product_tag-papuqe","10":"desktop-align-left","11":"tablet-align-left","12":"mobile-align-left","14":"first","15":"instock","16":"shipping-taxable","17":"purchasable","18":"product-type-simple"},"yoast_head":"<!-- This site is optimized with the Yoast SEO Premium plugin v27.3 (Yoast SEO v27.3) - https:\/\/yoast.com\/product\/yoast-seo-premium-wordpress\/ -->\n<title>PAPUQE KABLLOVIKE ME PRES AL\/CU 150\/10 - ElektroAM - Produkte Elektrike dhe Ndri\u00e7ues LED<\/title>\n<meta name=\"robots\" content=\"index, follow, max-snippet:-1, max-image-preview:large, max-video-preview:-1\" \/>\n<link rel=\"canonical\" href=\"https:\/\/elektroam.store\/en\/product\/papuqe-kabllovike-me-pres-al-cu-150-10\/\" \/>\n<meta property=\"og:locale\" content=\"en_US\" \/>\n<meta property=\"og:type\" content=\"article\" \/>\n<meta property=\"og:title\" content=\"PAPUQE KABLLOVIKE ME PRES AL\/CU 150\/10\" \/>\n<meta property=\"og:description\" content=\"Papuqe kabllovike AL\/CU p\u00ebr presim, p\u00ebr kabllo 150 mm\u00b2 me vrim\u00eb lidhjeje \u00d810 mm, e projektuar p\u00ebr lidhje t\u00eb sigurta t\u00eb kabllove alumini me pajisje bakri.  Papuqe kabllovike AlCu 150\/10, tip kompresiv (me presim), p\u00ebr lidhje t\u00eb besueshme alumin\u2013bak\u00ebr n\u00eb instalime elektrike profesionale.\" \/>\n<meta property=\"og:url\" content=\"https:\/\/elektroam.store\/en\/product\/papuqe-kabllovike-me-pres-al-cu-150-10\/\" \/>\n<meta property=\"og:site_name\" content=\"ElektroAM - Produkte Elektrike dhe Ndri\u00e7ues LED\" \/>\n<meta property=\"article:publisher\" content=\"https:\/\/www.facebook.com\/Elektroam\" \/>\n<meta property=\"article:modified_time\" content=\"2026-03-11T11:16:45+00:00\" \/>\n<meta property=\"og:image\" content=\"https:\/\/elektroam.store\/wp-content\/uploads\/2026\/01\/2AICu-cable-compressive-lugs-3.jpg\" \/>\n\t<meta property=\"og:image:width\" content=\"1500\" \/>\n\t<meta property=\"og:image:height\" content=\"1500\" \/>\n\t<meta property=\"og:image:type\" content=\"image\/jpeg\" \/>\n<meta name=\"twitter:card\" content=\"summary_large_image\" \/>\n<meta name=\"twitter:label1\" content=\"Est. reading time\" \/>\n\t<meta name=\"twitter:data1\" content=\"1 minute\" \/>\n<script type=\"application\/ld+json\" class=\"yoast-schema-graph\">{\"@context\":\"https:\\\/\\\/schema.org\",\"@graph\":[{\"@type\":\"WebPage\",\"@id\":\"https:\\\/\\\/elektroam.store\\\/product\\\/papuqe-kabllovike-me-pres-al-cu-150-10\\\/\",\"url\":\"https:\\\/\\\/elektroam.store\\\/product\\\/papuqe-kabllovike-me-pres-al-cu-150-10\\\/\",\"name\":\"PAPUQE KABLLOVIKE ME PRES AL\\\/CU 150\\\/10 - ElektroAM - Produkte Elektrike dhe Ndri\u00e7ues LED\",\"isPartOf\":{\"@id\":\"https:\\\/\\\/poy.jhy.mybluehost.me\\\/#website\"},\"primaryImageOfPage\":{\"@id\":\"https:\\\/\\\/elektroam.store\\\/product\\\/papuqe-kabllovike-me-pres-al-cu-150-10\\\/#primaryimage\"},\"image\":{\"@id\":\"https:\\\/\\\/elektroam.store\\\/product\\\/papuqe-kabllovike-me-pres-al-cu-150-10\\\/#primaryimage\"},\"thumbnailUrl\":\"https:\\\/\\\/i0.wp.com\\\/elektroam.store\\\/wp-content\\\/uploads\\\/2026\\\/01\\\/2AICu-cable-compressive-lugs-3.jpg?fit=1500%2C1500&ssl=1\",\"datePublished\":\"2026-01-09T11:03:15+00:00\",\"dateModified\":\"2026-03-11T11:16:45+00:00\",\"breadcrumb\":{\"@id\":\"https:\\\/\\\/elektroam.store\\\/product\\\/papuqe-kabllovike-me-pres-al-cu-150-10\\\/#breadcrumb\"},\"inLanguage\":\"en-US\",\"potentialAction\":[{\"@type\":\"ReadAction\",\"target\":[\"https:\\\/\\\/elektroam.store\\\/product\\\/papuqe-kabllovike-me-pres-al-cu-150-10\\\/\"]}]},{\"@type\":\"ImageObject\",\"inLanguage\":\"en-US\",\"@id\":\"https:\\\/\\\/elektroam.store\\\/product\\\/papuqe-kabllovike-me-pres-al-cu-150-10\\\/#primaryimage\",\"url\":\"https:\\\/\\\/i0.wp.com\\\/elektroam.store\\\/wp-content\\\/uploads\\\/2026\\\/01\\\/2AICu-cable-compressive-lugs-3.jpg?fit=1500%2C1500&ssl=1\",\"contentUrl\":\"https:\\\/\\\/i0.wp.com\\\/elektroam.store\\\/wp-content\\\/uploads\\\/2026\\\/01\\\/2AICu-cable-compressive-lugs-3.jpg?fit=1500%2C1500&ssl=1\",\"width\":1500,\"height\":1500,\"caption\":\"papuqe kabllovike me pres al\\\/cu 240\"},{\"@type\":\"BreadcrumbList\",\"@id\":\"https:\\\/\\\/elektroam.store\\\/product\\\/papuqe-kabllovike-me-pres-al-cu-150-10\\\/#breadcrumb\",\"itemListElement\":[{\"@type\":\"ListItem\",\"position\":1,\"name\":\"Home\",\"item\":\"https:\\\/\\\/elektroam.store\\\/\"},{\"@type\":\"ListItem\",\"position\":2,\"name\":\"Dyqani Online\",\"item\":\"https:\\\/\\\/elektroam.store\\\/shop\\\/\"},{\"@type\":\"ListItem\",\"position\":3,\"name\":\"PAPUQE KABLLOVIKE ME PRES AL\\\/CU 150\\\/10\"}]},{\"@type\":\"WebSite\",\"@id\":\"https:\\\/\\\/poy.jhy.mybluehost.me\\\/#website\",\"url\":\"https:\\\/\\\/poy.jhy.mybluehost.me\\\/\",\"name\":\"ElektroAM - Produkte Elektrike dhe Ndri\u00e7ues LED\",\"description\":\"ElektroAM ofron zgjidhje profesionale p\u00ebr produkte elektrike dhe ndri\u00e7ues LED. Bli online ose vizito dyqanet tona n\u00eb Ferizaj p\u00ebr sh\u00ebrbim t\u00eb shk\u00eblqyer.\",\"publisher\":{\"@id\":\"https:\\\/\\\/poy.jhy.mybluehost.me\\\/#organization\"},\"potentialAction\":[{\"@type\":\"SearchAction\",\"target\":{\"@type\":\"EntryPoint\",\"urlTemplate\":\"https:\\\/\\\/poy.jhy.mybluehost.me\\\/?s={search_term_string}\"},\"query-input\":{\"@type\":\"PropertyValueSpecification\",\"valueRequired\":true,\"valueName\":\"search_term_string\"}}],\"inLanguage\":\"en-US\"},{\"@type\":\"Organization\",\"@id\":\"https:\\\/\\\/poy.jhy.mybluehost.me\\\/#organization\",\"name\":\"ElektroAM - Produkte Elektrike dhe Ndri\u00e7ues LED\",\"url\":\"https:\\\/\\\/poy.jhy.mybluehost.me\\\/\",\"logo\":{\"@type\":\"ImageObject\",\"inLanguage\":\"en-US\",\"@id\":\"https:\\\/\\\/poy.jhy.mybluehost.me\\\/#\\\/schema\\\/logo\\\/image\\\/\",\"url\":\"https:\\\/\\\/i0.wp.com\\\/elektroam.store\\\/wp-content\\\/uploads\\\/2025\\\/07\\\/Logo.jpg?fit=1600%2C228&ssl=1\",\"contentUrl\":\"https:\\\/\\\/i0.wp.com\\\/elektroam.store\\\/wp-content\\\/uploads\\\/2025\\\/07\\\/Logo.jpg?fit=1600%2C228&ssl=1\",\"width\":1600,\"height\":228,\"caption\":\"ElektroAM - Produkte Elektrike dhe Ndri\u00e7ues LED\"},\"image\":{\"@id\":\"https:\\\/\\\/poy.jhy.mybluehost.me\\\/#\\\/schema\\\/logo\\\/image\\\/\"},\"sameAs\":[\"https:\\\/\\\/www.facebook.com\\\/Elektroam\",\"https:\\\/\\\/www.instagram.com\\\/elektroam\\\/\"]}]}<\/script>\n<!-- \/ Yoast SEO Premium plugin. -->","yoast_head_json":{"title":"PAPUQE KABLLOVIKE ME PRES AL\/CU 150\/10 - ElektroAM - Produkte Elektrike dhe Ndri\u00e7ues LED","robots":{"index":"index","follow":"follow","max-snippet":"max-snippet:-1","max-image-preview":"max-image-preview:large","max-video-preview":"max-video-preview:-1"},"canonical":"https:\/\/elektroam.store\/en\/product\/papuqe-kabllovike-me-pres-al-cu-150-10\/","og_locale":"en_US","og_type":"article","og_title":"PAPUQE KABLLOVIKE ME PRES AL\/CU 150\/10","og_description":"Papuqe kabllovike AL\/CU p\u00ebr presim, p\u00ebr kabllo 150 mm\u00b2 me vrim\u00eb lidhjeje \u00d810 mm, e projektuar p\u00ebr lidhje t\u00eb sigurta t\u00eb kabllove alumini me pajisje bakri.  Papuqe kabllovike AlCu 150\/10, tip kompresiv (me presim), p\u00ebr lidhje t\u00eb besueshme alumin\u2013bak\u00ebr n\u00eb instalime elektrike profesionale.","og_url":"https:\/\/elektroam.store\/en\/product\/papuqe-kabllovike-me-pres-al-cu-150-10\/","og_site_name":"ElektroAM - Produkte Elektrike dhe Ndri\u00e7ues LED","article_publisher":"https:\/\/www.facebook.com\/Elektroam","article_modified_time":"2026-03-11T11:16:45+00:00","og_image":[{"width":1500,"height":1500,"url":"https:\/\/elektroam.store\/wp-content\/uploads\/2026\/01\/2AICu-cable-compressive-lugs-3.jpg","type":"image\/jpeg"}],"twitter_card":"summary_large_image","twitter_misc":{"Est. reading time":"1 minute"},"schema":{"@context":"https:\/\/schema.org","@graph":[{"@type":"WebPage","@id":"https:\/\/elektroam.store\/product\/papuqe-kabllovike-me-pres-al-cu-150-10\/","url":"https:\/\/elektroam.store\/product\/papuqe-kabllovike-me-pres-al-cu-150-10\/","name":"PAPUQE KABLLOVIKE ME PRES AL\/CU 150\/10 - ElektroAM - Produkte Elektrike dhe Ndri\u00e7ues LED","isPartOf":{"@id":"https:\/\/poy.jhy.mybluehost.me\/#website"},"primaryImageOfPage":{"@id":"https:\/\/elektroam.store\/product\/papuqe-kabllovike-me-pres-al-cu-150-10\/#primaryimage"},"image":{"@id":"https:\/\/elektroam.store\/product\/papuqe-kabllovike-me-pres-al-cu-150-10\/#primaryimage"},"thumbnailUrl":"https:\/\/i0.wp.com\/elektroam.store\/wp-content\/uploads\/2026\/01\/2AICu-cable-compressive-lugs-3.jpg?fit=1500%2C1500&ssl=1","datePublished":"2026-01-09T11:03:15+00:00","dateModified":"2026-03-11T11:16:45+00:00","breadcrumb":{"@id":"https:\/\/elektroam.store\/product\/papuqe-kabllovike-me-pres-al-cu-150-10\/#breadcrumb"},"inLanguage":"en-US","potentialAction":[{"@type":"ReadAction","target":["https:\/\/elektroam.store\/product\/papuqe-kabllovike-me-pres-al-cu-150-10\/"]}]},{"@type":"ImageObject","inLanguage":"en-US","@id":"https:\/\/elektroam.store\/product\/papuqe-kabllovike-me-pres-al-cu-150-10\/#primaryimage","url":"https:\/\/i0.wp.com\/elektroam.store\/wp-content\/uploads\/2026\/01\/2AICu-cable-compressive-lugs-3.jpg?fit=1500%2C1500&ssl=1","contentUrl":"https:\/\/i0.wp.com\/elektroam.store\/wp-content\/uploads\/2026\/01\/2AICu-cable-compressive-lugs-3.jpg?fit=1500%2C1500&ssl=1","width":1500,"height":1500,"caption":"papuqe kabllovike me pres al\/cu 240"},{"@type":"BreadcrumbList","@id":"https:\/\/elektroam.store\/product\/papuqe-kabllovike-me-pres-al-cu-150-10\/#breadcrumb","itemListElement":[{"@type":"ListItem","position":1,"name":"Home","item":"https:\/\/elektroam.store\/"},{"@type":"ListItem","position":2,"name":"Dyqani Online","item":"https:\/\/elektroam.store\/shop\/"},{"@type":"ListItem","position":3,"name":"PAPUQE KABLLOVIKE ME PRES AL\/CU 150\/10"}]},{"@type":"WebSite","@id":"https:\/\/poy.jhy.mybluehost.me\/#website","url":"https:\/\/poy.jhy.mybluehost.me\/","name":"ElektroAM \u2013 Electrical Products and LED Lighting","description":"ElektroAM ofron zgjidhje profesionale p\u00ebr produkte elektrike dhe ndri\u00e7ues LED. Bli online ose vizito dyqanet tona n\u00eb Ferizaj p\u00ebr sh\u00ebrbim t\u00eb shk\u00eblqyer.","publisher":{"@id":"https:\/\/poy.jhy.mybluehost.me\/#organization"},"potentialAction":[{"@type":"SearchAction","target":{"@type":"EntryPoint","urlTemplate":"https:\/\/poy.jhy.mybluehost.me\/?s={search_term_string}"},"query-input":{"@type":"PropertyValueSpecification","valueRequired":true,"valueName":"search_term_string"}}],"inLanguage":"en-US"},{"@type":"Organization","@id":"https:\/\/poy.jhy.mybluehost.me\/#organization","name":"ElektroAM \u2013 Electrical Products and LED Lighting","url":"https:\/\/poy.jhy.mybluehost.me\/","logo":{"@type":"ImageObject","inLanguage":"en-US","@id":"https:\/\/poy.jhy.mybluehost.me\/#\/schema\/logo\/image\/","url":"https:\/\/i0.wp.com\/elektroam.store\/wp-content\/uploads\/2025\/07\/Logo.jpg?fit=1600%2C228&ssl=1","contentUrl":"https:\/\/i0.wp.com\/elektroam.store\/wp-content\/uploads\/2025\/07\/Logo.jpg?fit=1600%2C228&ssl=1","width":1600,"height":228,"caption":"ElektroAM - Produkte Elektrike dhe Ndri\u00e7ues LED"},"image":{"@id":"https:\/\/poy.jhy.mybluehost.me\/#\/schema\/logo\/image\/"},"sameAs":["https:\/\/www.facebook.com\/Elektroam","https:\/\/www.instagram.com\/elektroam\/"]}]}},"jetpack_sharing_enabled":true,"_links":{"self":[{"href":"https:\/\/elektroam.store\/en\/wp-json\/wp\/v2\/product\/7040","targetHints":{"allow":["GET"]}}],"collection":[{"href":"https:\/\/elektroam.store\/en\/wp-json\/wp\/v2\/product"}],"about":[{"href":"https:\/\/elektroam.store\/en\/wp-json\/wp\/v2\/types\/product"}],"wp:featuredmedia":[{"embeddable":true,"href":"https:\/\/elektroam.store\/en\/wp-json\/wp\/v2\/media\/7017"}],"wp:attachment":[{"href":"https:\/\/elektroam.store\/en\/wp-json\/wp\/v2\/media?parent=7040"}],"wp:term":[{"taxonomy":"product_brand","embeddable":true,"href":"https:\/\/elektroam.store\/en\/wp-json\/wp\/v2\/product_brand?post=7040"},{"taxonomy":"product_cat","embeddable":true,"href":"https:\/\/elektroam.store\/en\/wp-json\/wp\/v2\/product_cat?post=7040"},{"taxonomy":"product_tag","embeddable":true,"href":"https:\/\/elektroam.store\/en\/wp-json\/wp\/v2\/product_tag?post=7040"}],"curies":[{"name":"wp","href":"https:\/\/api.w.org\/{rel}","templated":true}]}}