{"id":8685,"date":"2026-02-14T12:32:52","date_gmt":"2026-02-14T12:32:52","guid":{"rendered":"https:\/\/elektroam.store\/?post_type=product&#038;p=8685"},"modified":"2026-03-31T16:22:17","modified_gmt":"2026-03-31T16:22:17","slug":"sonoff-dualr3-modul-smart-wifi-me-matje-energjie-2-kanale","status":"publish","type":"product","link":"https:\/\/elektroam.store\/en\/product\/sonoff-dualr3-modul-smart-wifi-me-matje-energjie-2-kanale\/","title":{"rendered":"SONOFF DUALR3 \u2013 Modul Smart WiFi me Matje Energjie 2 Kanale"},"content":{"rendered":"<p>P\u00ebrdorimi kryesor dhe aplikimi:<\/p>\n<p>SONOFF DUALR3 \u00ebsht\u00eb modul inteligjent me dy kanale q\u00eb mund t\u00eb p\u00ebrdoret n\u00eb dy m\u00ebnyra:<\/p>\n<p>Kontroll i dy pajisjeve elektrike t\u00eb ndara<\/p>\n<p>Kontroll i motor\u00ebve p\u00ebr perde, roleta ose blinds<\/p>\n<p>I p\u00ebrshtatsh\u00ebm p\u00ebr:<\/p>\n<p>Sht\u00ebpi inteligjente (Smart Home)<\/p>\n<p>Kontroll ndri\u00e7imi<\/p>\n<p>Kontroll ventilator\u00ebsh<\/p>\n<p>Kontroll pajisjesh sht\u00ebpiake<\/p>\n<p>Automatizim perdeje \/ roletash elektrike<\/p>\n<p>Modalitetet e pun\u00ebs:<br \/>\nMotor Mode \u2013 Kontroll p\u00ebr Perde &amp; Roleta<\/p>\n<p>Kontroll inteligjent i perdeve dhe roletave elektrike<\/p>\n<p>Hapje\/mbyllje nga aplikacioni<\/p>\n<p>Kontroll me z\u00eb p\u00ebrmes Alexa dhe Google Assistant<\/p>\n<p>Automatizim sipas orarit<\/p>\n<p>Switch Mode \u2013 Kontroll i Dy Pajisjeve<\/p>\n<p>Kontroll i pavarur i 2 ngarkesave elektrike<\/p>\n<p>Ndri\u00e7im<\/p>\n<p>Fan<\/p>\n<p>Pajisje sht\u00ebpiake<\/p>\n<p>Kontroll manual + kontroll smart<\/p>\n<p>Matje e Energjis\u00eb \u2013 Power Metering<\/p>\n<p>Matje tensioni (Voltage)<\/p>\n<p>Matje rryme (Current)<\/p>\n<p>Matje fuqie (Power)<\/p>\n<p>Monitorim konsumi p\u00ebr secilin kanal ve\u00e7mas<\/p>\n<p>Kontroll me \u00c7el\u00ebsa Tradicional\u00eb<\/p>\n<p>Mb\u00ebshtet 6 lloje \u00e7el\u00ebsash t\u00eb jasht\u00ebm<\/p>\n<p>Rocker switch<\/p>\n<p>Momentary switch<\/p>\n<p>SPDT dhe variante t\u00eb tjera<\/p>\n<p>Lejon p\u00ebrdorimin e \u00e7el\u00ebsave ekzistues t\u00eb murit pa humbur funksionalitetin smart.<\/p>\n<p>Kontroll me Aplikacion &amp; Voice<\/p>\n<p>Kontroll nga aplikacioni eWeLink<\/p>\n<p>Amazon Alexa<\/p>\n<p>Google Assistant<\/p>\n<p>Automatizim sipas skenar\u00ebve<\/p>\n<p>Programim orar (schedule)<\/p>","protected":false},"excerpt":{"rendered":"<p>SONOFF DUALR3 \u00ebsht\u00eb modul smart WiFi me dy kanale t\u00eb pavarura p\u00ebr kontroll t\u00eb pajisjeve elektrike ose motor\u00ebve t\u00eb roletave\/perdeve. Mb\u00ebshtet matje t\u00eb energjis\u00eb, kontroll nga aplikacioni, Alexa dhe Google Assistant.<\/p>","protected":false},"featured_media":8690,"template":"","meta":{"om_disable_all_campaigns":false,"_monsterinsights_skip_tracking":false,"_monsterinsights_sitenote_active":false,"_monsterinsights_sitenote_note":"","_monsterinsights_sitenote_category":0,"site-sidebar-layout":"default","site-content-layout":"","ast-site-content-layout":"default","site-content-style":"default","site-sidebar-style":"default","ast-global-header-display":"","ast-banner-title-visibility":"","ast-main-header-display":"","ast-hfb-above-header-display":"","ast-hfb-below-header-display":"","ast-hfb-mobile-header-display":"","site-post-title":"","ast-breadcrumbs-content":"","ast-featured-img":"","footer-sml-layout":"","ast-disable-related-posts":"","theme-transparent-header-meta":"default","adv-header-id-meta":"","stick-header-meta":"","header-above-stick-meta":"","header-main-stick-meta":"","header-below-stick-meta":"","astra-migrate-meta-layouts":"set","ast-page-background-enabled":"default","ast-page-background-meta":{"desktop":{"background-color":"var(--ast-global-color-4)","background-image":"","background-repeat":"repeat","background-position":"center center","background-size":"auto","background-attachment":"scroll","background-type":"","background-media":"","overlay-type":"","overlay-color":"","overlay-opacity":"","overlay-gradient":""},"tablet":{"background-color":"","background-image":"","background-repeat":"repeat","background-position":"center center","background-size":"auto","background-attachment":"scroll","background-type":"","background-media":"","overlay-type":"","overlay-color":"","overlay-opacity":"","overlay-gradient":""},"mobile":{"background-color":"","background-image":"","background-repeat":"repeat","background-position":"center center","background-size":"auto","background-attachment":"scroll","background-type":"","background-media":"","overlay-type":"","overlay-color":"","overlay-opacity":"","overlay-gradient":""}},"ast-content-background-meta":{"desktop":{"background-color":"var(--ast-global-color-5)","background-image":"","background-repeat":"repeat","background-position":"center center","background-size":"auto","background-attachment":"scroll","background-type":"","background-media":"","overlay-type":"","overlay-color":"","overlay-opacity":"","overlay-gradient":""},"tablet":{"background-color":"var(--ast-global-color-5)","background-image":"","background-repeat":"repeat","background-position":"center center","background-size":"auto","background-attachment":"scroll","background-type":"","background-media":"","overlay-type":"","overlay-color":"","overlay-opacity":"","overlay-gradient":""},"mobile":{"background-color":"var(--ast-global-color-5)","background-image":"","background-repeat":"repeat","background-position":"center center","background-size":"auto","background-attachment":"scroll","background-type":"","background-media":"","overlay-type":"","overlay-color":"","overlay-opacity":"","overlay-gradient":""}}},"product_brand":[190],"product_cat":[83],"product_tag":[205,191],"class_list":{"0":"post-8685","1":"product","2":"type-product","3":"status-publish","4":"has-post-thumbnail","6":"product_brand-sonoff","7":"product_cat-smart-rele-wifi","8":"product_tag-marketplace","9":"product_tag-sonoff","10":"desktop-align-left","11":"tablet-align-left","12":"mobile-align-left","14":"first","15":"instock","16":"shipping-taxable","17":"purchasable","18":"product-type-simple"},"yoast_head":"<!-- This site is optimized with the Yoast SEO Premium plugin v27.3 (Yoast SEO v27.3) - https:\/\/yoast.com\/product\/yoast-seo-premium-wordpress\/ -->\n<title>SONOFF DUALR3 \u2013 Smart Rele WiFi 2 Kanale me Matje Energjie | ElektroAM<\/title>\n<meta name=\"description\" content=\"SONOFF DUALR3 smart rele WiFi me 2 kanale dhe matje energjie. Kontroll ndri\u00e7im, motor perde dhe pajisje nga telefoni. Alexa &amp; Google Assistant. Bli online n\u00eb ElektroAM.\" \/>\n<meta name=\"robots\" content=\"index, follow, max-snippet:-1, max-image-preview:large, max-video-preview:-1\" \/>\n<link rel=\"canonical\" href=\"https:\/\/elektroam.store\/en\/product\/sonoff-dualr3-modul-smart-wifi-me-matje-energjie-2-kanale\/\" \/>\n<meta property=\"og:locale\" content=\"en_US\" \/>\n<meta property=\"og:type\" content=\"article\" \/>\n<meta property=\"og:title\" content=\"SONOFF DUALR3 \u2013 Modul Smart WiFi me Matje Energjie 2 Kanale\" \/>\n<meta property=\"og:description\" content=\"SONOFF DUALR3 smart rele WiFi me 2 kanale dhe matje energjie. Kontroll ndri\u00e7im, motor perde dhe pajisje nga telefoni. Alexa &amp; Google Assistant. Bli online n\u00eb ElektroAM.\" \/>\n<meta property=\"og:url\" content=\"https:\/\/elektroam.store\/en\/product\/sonoff-dualr3-modul-smart-wifi-me-matje-energjie-2-kanale\/\" \/>\n<meta property=\"og:site_name\" content=\"ElektroAM - Produkte Elektrike dhe Ndri\u00e7ues LED\" \/>\n<meta property=\"article:publisher\" content=\"https:\/\/www.facebook.com\/Elektroam\" \/>\n<meta property=\"article:modified_time\" content=\"2026-03-31T16:22:17+00:00\" \/>\n<meta property=\"og:image\" content=\"https:\/\/i0.wp.com\/elektroam.store\/wp-content\/uploads\/2026\/02\/foto-1000x1000-1.png?fit=1024%2C1024&ssl=1\" \/>\n\t<meta property=\"og:image:width\" content=\"1024\" \/>\n\t<meta property=\"og:image:height\" content=\"1024\" \/>\n\t<meta property=\"og:image:type\" content=\"image\/png\" \/>\n<meta name=\"twitter:card\" content=\"summary_large_image\" \/>\n<meta name=\"twitter:label1\" content=\"Est. reading time\" \/>\n\t<meta name=\"twitter:data1\" content=\"1 minute\" \/>\n<script type=\"application\/ld+json\" class=\"yoast-schema-graph\">{\"@context\":\"https:\\\/\\\/schema.org\",\"@graph\":[{\"@type\":\"WebPage\",\"@id\":\"https:\\\/\\\/elektroam.store\\\/product\\\/sonoff-dualr3-modul-smart-wifi-me-matje-energjie-2-kanale\\\/\",\"url\":\"https:\\\/\\\/elektroam.store\\\/product\\\/sonoff-dualr3-modul-smart-wifi-me-matje-energjie-2-kanale\\\/\",\"name\":\"SONOFF DUALR3 \u2013 Smart Rele WiFi 2 Kanale me Matje Energjie | ElektroAM\",\"isPartOf\":{\"@id\":\"https:\\\/\\\/poy.jhy.mybluehost.me\\\/#website\"},\"primaryImageOfPage\":{\"@id\":\"https:\\\/\\\/elektroam.store\\\/product\\\/sonoff-dualr3-modul-smart-wifi-me-matje-energjie-2-kanale\\\/#primaryimage\"},\"image\":{\"@id\":\"https:\\\/\\\/elektroam.store\\\/product\\\/sonoff-dualr3-modul-smart-wifi-me-matje-energjie-2-kanale\\\/#primaryimage\"},\"thumbnailUrl\":\"https:\\\/\\\/i0.wp.com\\\/elektroam.store\\\/wp-content\\\/uploads\\\/2026\\\/02\\\/foto-1000x1000-1.png?fit=1024%2C1024&ssl=1\",\"datePublished\":\"2026-02-14T12:32:52+00:00\",\"dateModified\":\"2026-03-31T16:22:17+00:00\",\"description\":\"SONOFF DUALR3 smart rele WiFi me 2 kanale dhe matje energjie. Kontroll ndri\u00e7im, motor perde dhe pajisje nga telefoni. Alexa & Google Assistant. Bli online n\u00eb ElektroAM.\",\"breadcrumb\":{\"@id\":\"https:\\\/\\\/elektroam.store\\\/product\\\/sonoff-dualr3-modul-smart-wifi-me-matje-energjie-2-kanale\\\/#breadcrumb\"},\"inLanguage\":\"en-US\",\"potentialAction\":[{\"@type\":\"ReadAction\",\"target\":[\"https:\\\/\\\/elektroam.store\\\/product\\\/sonoff-dualr3-modul-smart-wifi-me-matje-energjie-2-kanale\\\/\"]}]},{\"@type\":\"ImageObject\",\"inLanguage\":\"en-US\",\"@id\":\"https:\\\/\\\/elektroam.store\\\/product\\\/sonoff-dualr3-modul-smart-wifi-me-matje-energjie-2-kanale\\\/#primaryimage\",\"url\":\"https:\\\/\\\/i0.wp.com\\\/elektroam.store\\\/wp-content\\\/uploads\\\/2026\\\/02\\\/foto-1000x1000-1.png?fit=1024%2C1024&ssl=1\",\"contentUrl\":\"https:\\\/\\\/i0.wp.com\\\/elektroam.store\\\/wp-content\\\/uploads\\\/2026\\\/02\\\/foto-1000x1000-1.png?fit=1024%2C1024&ssl=1\",\"width\":1024,\"height\":1024,\"caption\":\"sonoff dualr3 \u2013 modul smart wifi me matje energjie 2 kanale\"},{\"@type\":\"BreadcrumbList\",\"@id\":\"https:\\\/\\\/elektroam.store\\\/product\\\/sonoff-dualr3-modul-smart-wifi-me-matje-energjie-2-kanale\\\/#breadcrumb\",\"itemListElement\":[{\"@type\":\"ListItem\",\"position\":1,\"name\":\"Home\",\"item\":\"https:\\\/\\\/elektroam.store\\\/\"},{\"@type\":\"ListItem\",\"position\":2,\"name\":\"Dyqani Online\",\"item\":\"https:\\\/\\\/elektroam.store\\\/shop\\\/\"},{\"@type\":\"ListItem\",\"position\":3,\"name\":\"SONOFF DUALR3 \u2013 Modul Smart WiFi me Matje Energjie 2 Kanale\"}]},{\"@type\":\"WebSite\",\"@id\":\"https:\\\/\\\/poy.jhy.mybluehost.me\\\/#website\",\"url\":\"https:\\\/\\\/poy.jhy.mybluehost.me\\\/\",\"name\":\"ElektroAM - Produkte Elektrike dhe Ndri\u00e7ues LED\",\"description\":\"ElektroAM ofron zgjidhje profesionale p\u00ebr produkte elektrike dhe ndri\u00e7ues LED. Bli online ose vizito dyqanet tona n\u00eb Ferizaj p\u00ebr sh\u00ebrbim t\u00eb shk\u00eblqyer.\",\"publisher\":{\"@id\":\"https:\\\/\\\/poy.jhy.mybluehost.me\\\/#organization\"},\"potentialAction\":[{\"@type\":\"SearchAction\",\"target\":{\"@type\":\"EntryPoint\",\"urlTemplate\":\"https:\\\/\\\/poy.jhy.mybluehost.me\\\/?s={search_term_string}\"},\"query-input\":{\"@type\":\"PropertyValueSpecification\",\"valueRequired\":true,\"valueName\":\"search_term_string\"}}],\"inLanguage\":\"en-US\"},{\"@type\":\"Organization\",\"@id\":\"https:\\\/\\\/poy.jhy.mybluehost.me\\\/#organization\",\"name\":\"ElektroAM - Produkte Elektrike dhe Ndri\u00e7ues LED\",\"url\":\"https:\\\/\\\/poy.jhy.mybluehost.me\\\/\",\"logo\":{\"@type\":\"ImageObject\",\"inLanguage\":\"en-US\",\"@id\":\"https:\\\/\\\/poy.jhy.mybluehost.me\\\/#\\\/schema\\\/logo\\\/image\\\/\",\"url\":\"https:\\\/\\\/i0.wp.com\\\/elektroam.store\\\/wp-content\\\/uploads\\\/2025\\\/07\\\/Logo.jpg?fit=1600%2C228&ssl=1\",\"contentUrl\":\"https:\\\/\\\/i0.wp.com\\\/elektroam.store\\\/wp-content\\\/uploads\\\/2025\\\/07\\\/Logo.jpg?fit=1600%2C228&ssl=1\",\"width\":1600,\"height\":228,\"caption\":\"ElektroAM - Produkte Elektrike dhe Ndri\u00e7ues LED\"},\"image\":{\"@id\":\"https:\\\/\\\/poy.jhy.mybluehost.me\\\/#\\\/schema\\\/logo\\\/image\\\/\"},\"sameAs\":[\"https:\\\/\\\/www.facebook.com\\\/Elektroam\",\"https:\\\/\\\/www.instagram.com\\\/elektroam\\\/\"]}]}<\/script>\n<!-- \/ Yoast SEO Premium plugin. -->","yoast_head_json":{"title":"SONOFF DUALR3 \u2013 Smart Rele WiFi 2 Kanale me Matje Energjie | ElektroAM","description":"SONOFF DUALR3 smart rele WiFi me 2 kanale dhe matje energjie. Kontroll ndri\u00e7im, motor perde dhe pajisje nga telefoni. Alexa & Google Assistant. Bli online n\u00eb ElektroAM.","robots":{"index":"index","follow":"follow","max-snippet":"max-snippet:-1","max-image-preview":"max-image-preview:large","max-video-preview":"max-video-preview:-1"},"canonical":"https:\/\/elektroam.store\/en\/product\/sonoff-dualr3-modul-smart-wifi-me-matje-energjie-2-kanale\/","og_locale":"en_US","og_type":"article","og_title":"SONOFF DUALR3 \u2013 Modul Smart WiFi me Matje Energjie 2 Kanale","og_description":"SONOFF DUALR3 smart rele WiFi me 2 kanale dhe matje energjie. Kontroll ndri\u00e7im, motor perde dhe pajisje nga telefoni. Alexa & Google Assistant. Bli online n\u00eb ElektroAM.","og_url":"https:\/\/elektroam.store\/en\/product\/sonoff-dualr3-modul-smart-wifi-me-matje-energjie-2-kanale\/","og_site_name":"ElektroAM - Produkte Elektrike dhe Ndri\u00e7ues LED","article_publisher":"https:\/\/www.facebook.com\/Elektroam","article_modified_time":"2026-03-31T16:22:17+00:00","og_image":[{"width":1024,"height":1024,"url":"https:\/\/i0.wp.com\/elektroam.store\/wp-content\/uploads\/2026\/02\/foto-1000x1000-1.png?fit=1024%2C1024&ssl=1","type":"image\/png"}],"twitter_card":"summary_large_image","twitter_misc":{"Est. reading time":"1 minute"},"schema":{"@context":"https:\/\/schema.org","@graph":[{"@type":"WebPage","@id":"https:\/\/elektroam.store\/product\/sonoff-dualr3-modul-smart-wifi-me-matje-energjie-2-kanale\/","url":"https:\/\/elektroam.store\/product\/sonoff-dualr3-modul-smart-wifi-me-matje-energjie-2-kanale\/","name":"SONOFF DUALR3 \u2013 Smart Rele WiFi 2 Kanale me Matje Energjie | ElektroAM","isPartOf":{"@id":"https:\/\/poy.jhy.mybluehost.me\/#website"},"primaryImageOfPage":{"@id":"https:\/\/elektroam.store\/product\/sonoff-dualr3-modul-smart-wifi-me-matje-energjie-2-kanale\/#primaryimage"},"image":{"@id":"https:\/\/elektroam.store\/product\/sonoff-dualr3-modul-smart-wifi-me-matje-energjie-2-kanale\/#primaryimage"},"thumbnailUrl":"https:\/\/i0.wp.com\/elektroam.store\/wp-content\/uploads\/2026\/02\/foto-1000x1000-1.png?fit=1024%2C1024&ssl=1","datePublished":"2026-02-14T12:32:52+00:00","dateModified":"2026-03-31T16:22:17+00:00","description":"SONOFF DUALR3 smart rele WiFi me 2 kanale dhe matje energjie. Kontroll ndri\u00e7im, motor perde dhe pajisje nga telefoni. Alexa & Google Assistant. Bli online n\u00eb ElektroAM.","breadcrumb":{"@id":"https:\/\/elektroam.store\/product\/sonoff-dualr3-modul-smart-wifi-me-matje-energjie-2-kanale\/#breadcrumb"},"inLanguage":"en-US","potentialAction":[{"@type":"ReadAction","target":["https:\/\/elektroam.store\/product\/sonoff-dualr3-modul-smart-wifi-me-matje-energjie-2-kanale\/"]}]},{"@type":"ImageObject","inLanguage":"en-US","@id":"https:\/\/elektroam.store\/product\/sonoff-dualr3-modul-smart-wifi-me-matje-energjie-2-kanale\/#primaryimage","url":"https:\/\/i0.wp.com\/elektroam.store\/wp-content\/uploads\/2026\/02\/foto-1000x1000-1.png?fit=1024%2C1024&ssl=1","contentUrl":"https:\/\/i0.wp.com\/elektroam.store\/wp-content\/uploads\/2026\/02\/foto-1000x1000-1.png?fit=1024%2C1024&ssl=1","width":1024,"height":1024,"caption":"sonoff dualr3 \u2013 modul smart wifi me matje energjie 2 kanale"},{"@type":"BreadcrumbList","@id":"https:\/\/elektroam.store\/product\/sonoff-dualr3-modul-smart-wifi-me-matje-energjie-2-kanale\/#breadcrumb","itemListElement":[{"@type":"ListItem","position":1,"name":"Home","item":"https:\/\/elektroam.store\/"},{"@type":"ListItem","position":2,"name":"Dyqani Online","item":"https:\/\/elektroam.store\/shop\/"},{"@type":"ListItem","position":3,"name":"SONOFF DUALR3 \u2013 Modul Smart WiFi me Matje Energjie 2 Kanale"}]},{"@type":"WebSite","@id":"https:\/\/poy.jhy.mybluehost.me\/#website","url":"https:\/\/poy.jhy.mybluehost.me\/","name":"ElektroAM \u2013 Electrical Products and LED Lighting","description":"ElektroAM ofron zgjidhje profesionale p\u00ebr produkte elektrike dhe ndri\u00e7ues LED. Bli online ose vizito dyqanet tona n\u00eb Ferizaj p\u00ebr sh\u00ebrbim t\u00eb shk\u00eblqyer.","publisher":{"@id":"https:\/\/poy.jhy.mybluehost.me\/#organization"},"potentialAction":[{"@type":"SearchAction","target":{"@type":"EntryPoint","urlTemplate":"https:\/\/poy.jhy.mybluehost.me\/?s={search_term_string}"},"query-input":{"@type":"PropertyValueSpecification","valueRequired":true,"valueName":"search_term_string"}}],"inLanguage":"en-US"},{"@type":"Organization","@id":"https:\/\/poy.jhy.mybluehost.me\/#organization","name":"ElektroAM \u2013 Electrical Products and LED Lighting","url":"https:\/\/poy.jhy.mybluehost.me\/","logo":{"@type":"ImageObject","inLanguage":"en-US","@id":"https:\/\/poy.jhy.mybluehost.me\/#\/schema\/logo\/image\/","url":"https:\/\/i0.wp.com\/elektroam.store\/wp-content\/uploads\/2025\/07\/Logo.jpg?fit=1600%2C228&ssl=1","contentUrl":"https:\/\/i0.wp.com\/elektroam.store\/wp-content\/uploads\/2025\/07\/Logo.jpg?fit=1600%2C228&ssl=1","width":1600,"height":228,"caption":"ElektroAM - Produkte Elektrike dhe Ndri\u00e7ues LED"},"image":{"@id":"https:\/\/poy.jhy.mybluehost.me\/#\/schema\/logo\/image\/"},"sameAs":["https:\/\/www.facebook.com\/Elektroam","https:\/\/www.instagram.com\/elektroam\/"]}]}},"jetpack_sharing_enabled":true,"_links":{"self":[{"href":"https:\/\/elektroam.store\/en\/wp-json\/wp\/v2\/product\/8685","targetHints":{"allow":["GET"]}}],"collection":[{"href":"https:\/\/elektroam.store\/en\/wp-json\/wp\/v2\/product"}],"about":[{"href":"https:\/\/elektroam.store\/en\/wp-json\/wp\/v2\/types\/product"}],"wp:featuredmedia":[{"embeddable":true,"href":"https:\/\/elektroam.store\/en\/wp-json\/wp\/v2\/media\/8690"}],"wp:attachment":[{"href":"https:\/\/elektroam.store\/en\/wp-json\/wp\/v2\/media?parent=8685"}],"wp:term":[{"taxonomy":"product_brand","embeddable":true,"href":"https:\/\/elektroam.store\/en\/wp-json\/wp\/v2\/product_brand?post=8685"},{"taxonomy":"product_cat","embeddable":true,"href":"https:\/\/elektroam.store\/en\/wp-json\/wp\/v2\/product_cat?post=8685"},{"taxonomy":"product_tag","embeddable":true,"href":"https:\/\/elektroam.store\/en\/wp-json\/wp\/v2\/product_tag?post=8685"}],"curies":[{"name":"wp","href":"https:\/\/api.w.org\/{rel}","templated":true}]}}